{"id":954,"date":"2023-05-19T03:47:23","date_gmt":"2023-05-19T03:47:23","guid":{"rendered":"https:\/\/cozystay.loftocean.com\/mountain-chalet\/?page_id=954"},"modified":"2025-07-28T19:48:48","modified_gmt":"2025-07-28T19:48:48","slug":"the-3-valleys","status":"publish","type":"page","link":"https:\/\/riad-daralassad-marrakech.com\/en\/the-3-valleys\/","title":{"rendered":"The 3 Valleys"},"content":{"rendered":"<div data-elementor-type=\"wp-page\" data-elementor-id=\"954\" class=\"elementor elementor-954\">\n\t\t\t\t\t\t<section class=\"elementor-section elementor-top-section elementor-element elementor-element-c90a5bd elementor-section-height-min-height cs-section-content-fullwidth cs-parallax-on-scroll cs_scroll_y_120 elementor-section-boxed elementor-section-height-default elementor-section-items-middle\" data-id=\"c90a5bd\" data-element_type=\"section\" data-settings=\"{&quot;background_background&quot;:&quot;classic&quot;}\" data-cs-parallax-y=\"120\" style=\"background-image: none;\" data-cs-background-image=\"https:\/\/riad-daralassad-marrakech.com\/wp-content\/uploads\/2025\/07\/vallee-d_asni.jpg\" data-cs-background-image-alt-text=\"\">\n\t\t\t\t\t\t\t<div class=\"elementor-background-overlay\"><\/div>\n\t\t\t\t\t\t\t<div class=\"elementor-container elementor-column-gap-no\">\n\t\t\t\t\t<div class=\"elementor-column elementor-col-100 elementor-top-column elementor-element elementor-element-7d889b7 dark-color\" data-id=\"7d889b7\" data-element_type=\"column\">\n\t\t\t<div class=\"elementor-widget-wrap elementor-element-populated\">\n\t\t\t\t\t\t<div class=\"elementor-element elementor-element-57ca99f elementor-widget elementor-widget-cs_title\" data-id=\"57ca99f\" data-element_type=\"widget\" data-widget_type=\"cs_title.default\">\n\t\t\t\t<div class=\"elementor-widget-container\">\n\t\t\t\t\t\n        <div class=\"cs-title-wrap text-center\">\t            <h1 class=\"cs-title\">\n\t                The 3 Valleys\t            <\/h1>        <\/div>\t\t\t\t<\/div>\n\t\t\t\t<\/div>\n\t\t\t\t\t<\/div>\n\t\t<\/div>\n\t\t\t\t\t<\/div>\n\t\t<\/section>\n\t\t\t\t<section class=\"elementor-section elementor-top-section elementor-element elementor-element-bdd7054 elementor-section-boxed elementor-section-height-default elementor-section-height-default\" data-id=\"bdd7054\" data-element_type=\"section\">\n\t\t\t\t\t\t<div class=\"elementor-container elementor-column-gap-no\">\n\t\t\t\t\t<div class=\"elementor-column elementor-col-100 elementor-top-column elementor-element elementor-element-f24e1a1\" data-id=\"f24e1a1\" data-element_type=\"column\">\n\t\t\t<div class=\"elementor-widget-wrap elementor-element-populated\">\n\t\t\t\t\t\t<div class=\"elementor-element elementor-element-b6a4684 cs-animation-small-offset elementor-invisible elementor-widget elementor-widget-cs_gallery\" data-id=\"b6a4684\" data-element_type=\"widget\" data-settings=\"{&quot;_animation&quot;:&quot;fadeInUp&quot;,&quot;_animation_delay&quot;:200}\" data-widget_type=\"cs_gallery.default\">\n\t\t\t\t<div class=\"elementor-widget-container\">\n\t\t\t\t\t\n            <div class=\"cs-gallery gap-5 gallery-grid grid-col-3\">\n                <div class=\"cs-gallery-wrap\">                    <div class=\"cs-gallery-item\"><img fetchpriority=\"high\" decoding=\"async\" width=\"550\" height=\"550\" src=\"https:\/\/riad-daralassad-marrakech.com\/wp-content\/uploads\/2025\/07\/vallee-d_asni-e1753719683894-550x550.jpg\" class=\"attachment-cozystay_550x9999 size-cozystay_550x9999 wp-image-2219\" alt=\"\" srcset=\"https:\/\/riad-daralassad-marrakech.com\/wp-content\/uploads\/2025\/07\/vallee-d_asni-e1753719683894-550x550.jpg 550w, https:\/\/riad-daralassad-marrakech.com\/wp-content\/uploads\/2025\/07\/vallee-d_asni-e1753719683894-300x300.jpg 300w, https:\/\/riad-daralassad-marrakech.com\/wp-content\/uploads\/2025\/07\/vallee-d_asni-e1753719683894-150x150.jpg 150w, https:\/\/riad-daralassad-marrakech.com\/wp-content\/uploads\/2025\/07\/vallee-d_asni-e1753719683894-600x600.jpg 600w, https:\/\/riad-daralassad-marrakech.com\/wp-content\/uploads\/2025\/07\/vallee-d_asni-e1753719683894-370x370.jpg 370w, https:\/\/riad-daralassad-marrakech.com\/wp-content\/uploads\/2025\/07\/vallee-d_asni-e1753719683894-255x255.jpg 255w, https:\/\/riad-daralassad-marrakech.com\/wp-content\/uploads\/2025\/07\/vallee-d_asni-e1753719683894.jpg 700w\" sizes=\"(max-width: 550px) 100vw, 550px\" \/>                    <\/div>                    <div class=\"cs-gallery-item\"><img decoding=\"async\" width=\"476\" height=\"476\" src=\"https:\/\/riad-daralassad-marrakech.com\/wp-content\/uploads\/2025\/07\/vallee-lac-lalla-takerkoust2.jpg\" class=\"attachment-cozystay_550x9999 size-cozystay_550x9999 wp-image-2226\" alt=\"\" srcset=\"https:\/\/riad-daralassad-marrakech.com\/wp-content\/uploads\/2025\/07\/vallee-lac-lalla-takerkoust2.jpg 476w, https:\/\/riad-daralassad-marrakech.com\/wp-content\/uploads\/2025\/07\/vallee-lac-lalla-takerkoust2-300x300.jpg 300w, https:\/\/riad-daralassad-marrakech.com\/wp-content\/uploads\/2025\/07\/vallee-lac-lalla-takerkoust2-150x150.jpg 150w, https:\/\/riad-daralassad-marrakech.com\/wp-content\/uploads\/2025\/07\/vallee-lac-lalla-takerkoust2-370x370.jpg 370w, https:\/\/riad-daralassad-marrakech.com\/wp-content\/uploads\/2025\/07\/vallee-lac-lalla-takerkoust2-255x255.jpg 255w\" sizes=\"(max-width: 476px) 100vw, 476px\" \/>                    <\/div>                    <div class=\"cs-gallery-item\"><img decoding=\"async\" width=\"550\" height=\"551\" src=\"https:\/\/riad-daralassad-marrakech.com\/wp-content\/uploads\/2025\/07\/valle-de-l_ourika-scaled-e1753719701292-550x551.jpg\" class=\"attachment-cozystay_550x9999 size-cozystay_550x9999 wp-image-2218\" alt=\"\" srcset=\"https:\/\/riad-daralassad-marrakech.com\/wp-content\/uploads\/2025\/07\/valle-de-l_ourika-scaled-e1753719701292-550x551.jpg 550w, https:\/\/riad-daralassad-marrakech.com\/wp-content\/uploads\/2025\/07\/valle-de-l_ourika-scaled-e1753719701292-300x300.jpg 300w, https:\/\/riad-daralassad-marrakech.com\/wp-content\/uploads\/2025\/07\/valle-de-l_ourika-scaled-e1753719701292-1022x1024.jpg 1022w, https:\/\/riad-daralassad-marrakech.com\/wp-content\/uploads\/2025\/07\/valle-de-l_ourika-scaled-e1753719701292-150x150.jpg 150w, https:\/\/riad-daralassad-marrakech.com\/wp-content\/uploads\/2025\/07\/valle-de-l_ourika-scaled-e1753719701292-768x769.jpg 768w, https:\/\/riad-daralassad-marrakech.com\/wp-content\/uploads\/2025\/07\/valle-de-l_ourika-scaled-e1753719701292-1200x1202.jpg 1200w, https:\/\/riad-daralassad-marrakech.com\/wp-content\/uploads\/2025\/07\/valle-de-l_ourika-scaled-e1753719701292-780x781.jpg 780w, https:\/\/riad-daralassad-marrakech.com\/wp-content\/uploads\/2025\/07\/valle-de-l_ourika-scaled-e1753719701292-600x600.jpg 600w, https:\/\/riad-daralassad-marrakech.com\/wp-content\/uploads\/2025\/07\/valle-de-l_ourika-scaled-e1753719701292-370x371.jpg 370w, https:\/\/riad-daralassad-marrakech.com\/wp-content\/uploads\/2025\/07\/valle-de-l_ourika-scaled-e1753719701292-255x255.jpg 255w, https:\/\/riad-daralassad-marrakech.com\/wp-content\/uploads\/2025\/07\/valle-de-l_ourika-scaled-e1753719701292.jpg 1325w\" sizes=\"(max-width: 550px) 100vw, 550px\" \/>                    <\/div>                <\/div>\n            <\/div>\t\t\t\t<\/div>\n\t\t\t\t<\/div>\n\t\t\t\t\t<\/div>\n\t\t<\/div>\n\t\t\t\t\t<\/div>\n\t\t<\/section>\n\t\t\t\t<section class=\"elementor-section elementor-top-section elementor-element elementor-element-68275b8 elementor-section-boxed elementor-section-height-default elementor-section-height-default\" data-id=\"68275b8\" data-element_type=\"section\">\n\t\t\t\t\t\t<div class=\"elementor-container elementor-column-gap-no\">\n\t\t\t\t\t<div class=\"elementor-column elementor-col-66 elementor-top-column elementor-element elementor-element-a4414f5\" data-id=\"a4414f5\" data-element_type=\"column\">\n\t\t\t<div class=\"elementor-widget-wrap elementor-element-populated\">\n\t\t\t\t\t\t<div class=\"elementor-element elementor-element-154f24d elementor-widget elementor-widget-cs_title\" data-id=\"154f24d\" data-element_type=\"widget\" data-widget_type=\"cs_title.default\">\n\t\t\t\t<div class=\"elementor-widget-container\">\n\t\t\t\t\t\n        <div class=\"cs-title-wrap\">\t            <div class=\"cs-title-text\">\n\t                <p class=\"p1\">Explore the majestic Atlas Mountains on this full-day guided tour from Marrakech. On this tour, you&#039;ll visit diverse landscapes and lush valleys with spectacular views. Stroll through traditional Berber villages and learn about their customs and culture, soaking up the atmosphere as you travel from one valley to the next.<\/p><p class=\"p1\"><strong>ITINERARY :<\/strong> At 8:30 am your driver-guide will pick you up from your accommodation, on your way to the Ourika Valley, you will be able to enjoy the magnificent landscapes. Take a 1.5-hour hike following an experienced local guide to explore the botanical gardens and enjoy spectacular views. Along the way, you will see Berber women extracting the unique argan oil (optional). After that, continue to the second valley, Oukaimden, and take another mountain road (1800 meters above sea level). You will pass through many traditional Berber villages and see the daily life of the local Berber people. In the afternoon, we will arrive at the village of Ait Fares, the 3rd valley, you will be served a delicious full lunch on a terrace of a Berber house. Enjoy a typical meal surrounded by breathtaking landscapes. After that, we will return to Marrakech where you can enjoy the view of the snow-capped peaks before arriving in Marrakech.<\/p>\t            <\/div>        <\/div>\t\t\t\t<\/div>\n\t\t\t\t<\/div>\n\t\t\t\t\t<\/div>\n\t\t<\/div>\n\t\t\t\t<div class=\"elementor-column elementor-col-33 elementor-top-column elementor-element elementor-element-88eefae\" data-id=\"88eefae\" data-element_type=\"column\" data-settings=\"{&quot;background_background&quot;:&quot;classic&quot;}\">\n\t\t\t<div class=\"elementor-widget-wrap elementor-element-populated\">\n\t\t\t\t\t\t<div class=\"elementor-element elementor-element-8941b37 elementor-widget elementor-widget-cs_title\" data-id=\"8941b37\" data-element_type=\"widget\" data-widget_type=\"cs_title.default\">\n\t\t\t\t<div class=\"elementor-widget-container\">\n\t\t\t\t\t\n        <div class=\"cs-title-wrap\">\t            <h6 class=\"cs-title\">\n\t                Included\t            <\/h6>        <\/div>\t\t\t\t<\/div>\n\t\t\t\t<\/div>\n\t\t\t\t<div class=\"elementor-element elementor-element-1010b33 elementor-widget elementor-widget-cs_list\" data-id=\"1010b33\" data-element_type=\"widget\" data-widget_type=\"cs_list.default\">\n\t\t\t\t<div class=\"elementor-widget-container\">\n\t\t\t\t\t\n            <ul class=\"cs-list cs-list-type-unordered\">                <li>                        <span class=\"list-icon color-primary\">\n                            <svg aria-hidden=\"true\" class=\"e-font-icon-svg e-fas-circle\" viewbox=\"0 0 512 512\" xmlns=\"http:\/\/www.w3.org\/2000\/svg\"><path d=\"M256 8C119 8 8 119 8 256s111 248 248 248 248-111 248-248S393 8 256 8z\"><\/path><\/svg>                        <\/span>                    <span class=\"list-content\">Riad Pick-up and Drop-Off<\/span>                <\/li>                <li>                        <span class=\"list-icon color-primary\">\n                            <svg aria-hidden=\"true\" class=\"e-font-icon-svg e-fas-circle\" viewbox=\"0 0 512 512\" xmlns=\"http:\/\/www.w3.org\/2000\/svg\"><path d=\"M256 8C119 8 8 119 8 256s111 248 248 248 248-111 248-248S393 8 256 8z\"><\/path><\/svg>                        <\/span>                    <span class=\"list-content\">Private \/ comfortable and air-conditioned transport with driver - French or English speaking guide.<\/span>                <\/li>                <li>                        <span class=\"list-icon color-primary\">\n                            <svg aria-hidden=\"true\" class=\"e-font-icon-svg e-fas-circle\" viewbox=\"0 0 512 512\" xmlns=\"http:\/\/www.w3.org\/2000\/svg\"><path d=\"M256 8C119 8 8 119 8 256s111 248 248 248 248-111 248-248S393 8 256 8z\"><\/path><\/svg>                        <\/span>                    <span class=\"list-content\">Local guide<\/span>                <\/li>            <\/ul>\t\t\t\t<\/div>\n\t\t\t\t<\/div>\n\t\t\t\t\t<\/div>\n\t\t<\/div>\n\t\t\t\t\t<\/div>\n\t\t<\/section>\n\t\t\t\t<\/div>","protected":false},"excerpt":{"rendered":"<p>Les 3 vall\u00e9es Explorez les majestueuses montagnes de l\u2019Atlas lors de cette visite guid\u00e9e d\u2019une journ\u00e9e compl\u00e8te au d\u00e9part de Marrakech. Lors de cette visite, vous visiterez des paysages vari\u00e9s et des vall\u00e9es verdoyantes avec des vues spectaculaires. Promenez-vous dans les villages berb\u00e8res traditionnels et d\u00e9couvrez leurs coutumes et leur culture et impr\u00e9gnez-vous de l\u2019atmosph\u00e8re &#8230;<\/p>","protected":false},"author":1,"featured_media":0,"parent":0,"menu_order":0,"comment_status":"closed","ping_status":"closed","template":"template-wide-content.php","meta":{"inline_featured_image":false,"cozystay_single_page_hide_site_header":"","cozystay_single_page_site_header_source":"","cozystay_single_page_custom_site_header":"0","cozystay_single_page_custom_sticky_site_header":"0","cozystay_single_page_hide_page_title":"on","cozystay_single_page_header_section_size":"","cozystay_single_page_header_background_color":"","cozystay_single_page_header_background_position_x":"center","cozystay_single_page_header_background_position_y":"center","cozystay_single_page_header_background_size":"cover","cozystay_single_page_header_background_repeat":"off","cozystay_single_page_header_background_scroll":"on","cozystay_single_page_header_text_color":"","cozystay_single_page_header_show_breadcrumb":"","cozystay_single_page_site_footer_hide_main":"","cozystay_single_custom_site_footer_main_source":"","cozystay_single_custom_site_footer_main":"0","cozystay_single_page_site_footer_hide_above":"","cozystay_single_custom_site_footer_above_source":"","cozystay_single_custom_site_footer_above":"0","cozystay_single_page_site_footer_hide_instagram":"","cozystay_single_page_site_footer_hide_bottom":"","cozystay_single_custom_mobile_menu_source":"","cozystay_single_custom_mobile_menu":"0","cozystay_single_custom_mobile_menu_animation":"","cozystay_single_custom_mobile_menu_width":"","cozystay_single_custom_mobile_menu_custom_width":375,"footnotes":""},"class_list":["post-954","page","type-page","status-publish","hentry"],"yoast_head":"<!-- This site is optimized with the Yoast SEO plugin v25.8 - https:\/\/yoast.com\/wordpress\/plugins\/seo\/ -->\n<title>Les 3 Vall\u00e9es - Riad Dar Al Assad Marrakech<\/title>\n<meta name=\"robots\" content=\"index, follow, max-snippet:-1, max-image-preview:large, max-video-preview:-1\" \/>\n<link rel=\"canonical\" href=\"https:\/\/riad-daralassad-marrakech.com\/en\/the-3-valleys\/\" \/>\n<meta property=\"og:locale\" content=\"en_GB\" \/>\n<meta property=\"og:type\" content=\"article\" \/>\n<meta property=\"og:title\" content=\"Les 3 Vall\u00e9es - Riad Dar Al Assad Marrakech\" \/>\n<meta property=\"og:description\" content=\"Les 3 vall\u00e9es Explorez les majestueuses montagnes de l\u2019Atlas lors de cette visite guid\u00e9e d\u2019une journ\u00e9e compl\u00e8te au d\u00e9part de Marrakech. Lors de cette visite, vous visiterez des paysages vari\u00e9s et des vall\u00e9es verdoyantes avec des vues spectaculaires. Promenez-vous dans les villages berb\u00e8res traditionnels et d\u00e9couvrez leurs coutumes et leur culture et impr\u00e9gnez-vous de l\u2019atmosph\u00e8re ...\" \/>\n<meta property=\"og:url\" content=\"https:\/\/riad-daralassad-marrakech.com\/en\/the-3-valleys\/\" \/>\n<meta property=\"og:site_name\" content=\"Riad Dar Al Assad Marrakech\" \/>\n<meta property=\"article:modified_time\" content=\"2025-07-28T19:48:48+00:00\" \/>\n<meta property=\"og:image\" content=\"https:\/\/riad-daralassad-marrakech.com\/wp-content\/uploads\/2025\/07\/vallee-d_asni-e1753719683894.jpg\" \/>\n\t<meta property=\"og:image:width\" content=\"700\" \/>\n\t<meta property=\"og:image:height\" content=\"700\" \/>\n\t<meta property=\"og:image:type\" content=\"image\/jpeg\" \/>\n<meta name=\"twitter:card\" content=\"summary_large_image\" \/>\n<meta name=\"twitter:label1\" content=\"Estimated reading time\" \/>\n\t<meta name=\"twitter:data1\" content=\"1 minute\" \/>\n<script type=\"application\/ld+json\" class=\"yoast-schema-graph\">{\"@context\":\"https:\/\/schema.org\",\"@graph\":[{\"@type\":\"WebPage\",\"@id\":\"https:\/\/riad-daralassad-marrakech.com\/les-3-vallees\/\",\"url\":\"https:\/\/riad-daralassad-marrakech.com\/les-3-vallees\/\",\"name\":\"Les 3 Vall\u00e9es - Riad Dar Al Assad Marrakech\",\"isPartOf\":{\"@id\":\"https:\/\/riad-daralassad-marrakech.com\/#website\"},\"primaryImageOfPage\":{\"@id\":\"https:\/\/riad-daralassad-marrakech.com\/les-3-vallees\/#primaryimage\"},\"image\":{\"@id\":\"https:\/\/riad-daralassad-marrakech.com\/les-3-vallees\/#primaryimage\"},\"thumbnailUrl\":\"https:\/\/riad-daralassad-marrakech.com\/wp-content\/uploads\/2025\/07\/vallee-d_asni-e1753719683894-550x550.jpg\",\"datePublished\":\"2023-05-19T03:47:23+00:00\",\"dateModified\":\"2025-07-28T19:48:48+00:00\",\"breadcrumb\":{\"@id\":\"https:\/\/riad-daralassad-marrakech.com\/les-3-vallees\/#breadcrumb\"},\"inLanguage\":\"en-GB\",\"potentialAction\":[{\"@type\":\"ReadAction\",\"target\":[\"https:\/\/riad-daralassad-marrakech.com\/les-3-vallees\/\"]}]},{\"@type\":\"ImageObject\",\"inLanguage\":\"en-GB\",\"@id\":\"https:\/\/riad-daralassad-marrakech.com\/les-3-vallees\/#primaryimage\",\"url\":\"https:\/\/riad-daralassad-marrakech.com\/wp-content\/uploads\/2025\/07\/vallee-d_asni-e1753719683894-550x550.jpg\",\"contentUrl\":\"https:\/\/riad-daralassad-marrakech.com\/wp-content\/uploads\/2025\/07\/vallee-d_asni-e1753719683894-550x550.jpg\"},{\"@type\":\"BreadcrumbList\",\"@id\":\"https:\/\/riad-daralassad-marrakech.com\/les-3-vallees\/#breadcrumb\",\"itemListElement\":[{\"@type\":\"ListItem\",\"position\":1,\"name\":\"Home\",\"item\":\"https:\/\/riad-daralassad-marrakech.com\/\"},{\"@type\":\"ListItem\",\"position\":2,\"name\":\"Les 3 Vall\u00e9es\"}]},{\"@type\":\"WebSite\",\"@id\":\"https:\/\/riad-daralassad-marrakech.com\/#website\",\"url\":\"https:\/\/riad-daralassad-marrakech.com\/\",\"name\":\"Riad Dar Al Assad Marrakech\",\"description\":\"Un lieu d\u2019histoire, de s\u00e9r\u00e9nit\u00e9 et d\u2019hospitalit\u00e9 marocaine.\",\"publisher\":{\"@id\":\"https:\/\/riad-daralassad-marrakech.com\/#organization\"},\"potentialAction\":[{\"@type\":\"SearchAction\",\"target\":{\"@type\":\"EntryPoint\",\"urlTemplate\":\"https:\/\/riad-daralassad-marrakech.com\/?s={search_term_string}\"},\"query-input\":{\"@type\":\"PropertyValueSpecification\",\"valueRequired\":true,\"valueName\":\"search_term_string\"}}],\"inLanguage\":\"en-GB\"},{\"@type\":\"Organization\",\"@id\":\"https:\/\/riad-daralassad-marrakech.com\/#organization\",\"name\":\"Riad Dar Al Assad Marrakech\",\"url\":\"https:\/\/riad-daralassad-marrakech.com\/\",\"logo\":{\"@type\":\"ImageObject\",\"inLanguage\":\"en-GB\",\"@id\":\"https:\/\/riad-daralassad-marrakech.com\/#\/schema\/logo\/image\/\",\"url\":\"https:\/\/riad-daralassad-marrakech.com\/wp-content\/uploads\/2025\/08\/Maison-Table-dhotes_Plan-de-travail-1-copie-13.svg\",\"contentUrl\":\"https:\/\/riad-daralassad-marrakech.com\/wp-content\/uploads\/2025\/08\/Maison-Table-dhotes_Plan-de-travail-1-copie-13.svg\",\"width\":841,\"height\":595,\"caption\":\"Riad Dar Al Assad Marrakech\"},\"image\":{\"@id\":\"https:\/\/riad-daralassad-marrakech.com\/#\/schema\/logo\/image\/\"}}]}<\/script>\n<!-- \/ Yoast SEO plugin. -->","yoast_head_json":{"title":"Les 3 Vall\u00e9es - Riad Dar Al Assad Marrakech","robots":{"index":"index","follow":"follow","max-snippet":"max-snippet:-1","max-image-preview":"max-image-preview:large","max-video-preview":"max-video-preview:-1"},"canonical":"https:\/\/riad-daralassad-marrakech.com\/en\/the-3-valleys\/","og_locale":"en_GB","og_type":"article","og_title":"Les 3 Vall\u00e9es - Riad Dar Al Assad Marrakech","og_description":"Les 3 vall\u00e9es Explorez les majestueuses montagnes de l\u2019Atlas lors de cette visite guid\u00e9e d\u2019une journ\u00e9e compl\u00e8te au d\u00e9part de Marrakech. Lors de cette visite, vous visiterez des paysages vari\u00e9s et des vall\u00e9es verdoyantes avec des vues spectaculaires. Promenez-vous dans les villages berb\u00e8res traditionnels et d\u00e9couvrez leurs coutumes et leur culture et impr\u00e9gnez-vous de l\u2019atmosph\u00e8re ...","og_url":"https:\/\/riad-daralassad-marrakech.com\/en\/the-3-valleys\/","og_site_name":"Riad Dar Al Assad Marrakech","article_modified_time":"2025-07-28T19:48:48+00:00","og_image":[{"width":700,"height":700,"url":"https:\/\/riad-daralassad-marrakech.com\/wp-content\/uploads\/2025\/07\/vallee-d_asni-e1753719683894.jpg","type":"image\/jpeg"}],"twitter_card":"summary_large_image","twitter_misc":{"Estimated reading time":"1 minute"},"schema":{"@context":"https:\/\/schema.org","@graph":[{"@type":"WebPage","@id":"https:\/\/riad-daralassad-marrakech.com\/les-3-vallees\/","url":"https:\/\/riad-daralassad-marrakech.com\/les-3-vallees\/","name":"Les 3 Vall\u00e9es - Riad Dar Al Assad Marrakech","isPartOf":{"@id":"https:\/\/riad-daralassad-marrakech.com\/#website"},"primaryImageOfPage":{"@id":"https:\/\/riad-daralassad-marrakech.com\/les-3-vallees\/#primaryimage"},"image":{"@id":"https:\/\/riad-daralassad-marrakech.com\/les-3-vallees\/#primaryimage"},"thumbnailUrl":"https:\/\/riad-daralassad-marrakech.com\/wp-content\/uploads\/2025\/07\/vallee-d_asni-e1753719683894-550x550.jpg","datePublished":"2023-05-19T03:47:23+00:00","dateModified":"2025-07-28T19:48:48+00:00","breadcrumb":{"@id":"https:\/\/riad-daralassad-marrakech.com\/les-3-vallees\/#breadcrumb"},"inLanguage":"en-GB","potentialAction":[{"@type":"ReadAction","target":["https:\/\/riad-daralassad-marrakech.com\/les-3-vallees\/"]}]},{"@type":"ImageObject","inLanguage":"en-GB","@id":"https:\/\/riad-daralassad-marrakech.com\/les-3-vallees\/#primaryimage","url":"https:\/\/riad-daralassad-marrakech.com\/wp-content\/uploads\/2025\/07\/vallee-d_asni-e1753719683894-550x550.jpg","contentUrl":"https:\/\/riad-daralassad-marrakech.com\/wp-content\/uploads\/2025\/07\/vallee-d_asni-e1753719683894-550x550.jpg"},{"@type":"BreadcrumbList","@id":"https:\/\/riad-daralassad-marrakech.com\/les-3-vallees\/#breadcrumb","itemListElement":[{"@type":"ListItem","position":1,"name":"Home","item":"https:\/\/riad-daralassad-marrakech.com\/"},{"@type":"ListItem","position":2,"name":"Les 3 Vall\u00e9es"}]},{"@type":"WebSite","@id":"https:\/\/riad-daralassad-marrakech.com\/#website","url":"https:\/\/riad-daralassad-marrakech.com\/","name":"Riad Dar Al Assad Marrakech","description":"A place of history, serenity and Moroccan hospitality.","publisher":{"@id":"https:\/\/riad-daralassad-marrakech.com\/#organization"},"potentialAction":[{"@type":"SearchAction","target":{"@type":"EntryPoint","urlTemplate":"https:\/\/riad-daralassad-marrakech.com\/?s={search_term_string}"},"query-input":{"@type":"PropertyValueSpecification","valueRequired":true,"valueName":"search_term_string"}}],"inLanguage":"en-GB"},{"@type":"Organization","@id":"https:\/\/riad-daralassad-marrakech.com\/#organization","name":"Riad Dar Al Assad Marrakech","url":"https:\/\/riad-daralassad-marrakech.com\/","logo":{"@type":"ImageObject","inLanguage":"en-GB","@id":"https:\/\/riad-daralassad-marrakech.com\/#\/schema\/logo\/image\/","url":"https:\/\/riad-daralassad-marrakech.com\/wp-content\/uploads\/2025\/08\/Maison-Table-dhotes_Plan-de-travail-1-copie-13.svg","contentUrl":"https:\/\/riad-daralassad-marrakech.com\/wp-content\/uploads\/2025\/08\/Maison-Table-dhotes_Plan-de-travail-1-copie-13.svg","width":841,"height":595,"caption":"Riad Dar Al Assad Marrakech"},"image":{"@id":"https:\/\/riad-daralassad-marrakech.com\/#\/schema\/logo\/image\/"}}]}},"_links":{"self":[{"href":"https:\/\/riad-daralassad-marrakech.com\/en\/wp-json\/wp\/v2\/pages\/954","targetHints":{"allow":["GET"]}}],"collection":[{"href":"https:\/\/riad-daralassad-marrakech.com\/en\/wp-json\/wp\/v2\/pages"}],"about":[{"href":"https:\/\/riad-daralassad-marrakech.com\/en\/wp-json\/wp\/v2\/types\/page"}],"author":[{"embeddable":true,"href":"https:\/\/riad-daralassad-marrakech.com\/en\/wp-json\/wp\/v2\/users\/1"}],"replies":[{"embeddable":true,"href":"https:\/\/riad-daralassad-marrakech.com\/en\/wp-json\/wp\/v2\/comments?post=954"}],"version-history":[{"count":14,"href":"https:\/\/riad-daralassad-marrakech.com\/en\/wp-json\/wp\/v2\/pages\/954\/revisions"}],"predecessor-version":[{"id":2520,"href":"https:\/\/riad-daralassad-marrakech.com\/en\/wp-json\/wp\/v2\/pages\/954\/revisions\/2520"}],"wp:attachment":[{"href":"https:\/\/riad-daralassad-marrakech.com\/en\/wp-json\/wp\/v2\/media?parent=954"}],"curies":[{"name":"wp","href":"https:\/\/api.w.org\/{rel}","templated":true}]}}