{"id":398,"date":"2023-03-26T07:52:14","date_gmt":"2023-03-26T07:52:14","guid":{"rendered":"https:\/\/cozystay.loftocean.com\/mountain-chalet\/?page_id=398"},"modified":"2025-08-08T09:27:33","modified_gmt":"2025-08-08T09:27:33","slug":"blog","status":"publish","type":"page","link":"https:\/\/riad-daralassad-marrakech.com\/en\/blog\/","title":{"rendered":"The Blog"},"content":{"rendered":"<div data-elementor-type=\"wp-page\" data-elementor-id=\"398\" class=\"elementor elementor-398\">\n\t\t\t\t\t\t<section class=\"elementor-section elementor-top-section elementor-element elementor-element-2a9d854c elementor-section-height-min-height cs-section-content-fullwidth cs-parallax-on-scroll cs_scroll_y_100 elementor-section-boxed elementor-section-height-default elementor-section-items-middle\" data-id=\"2a9d854c\" data-element_type=\"section\" data-settings=\"{&quot;background_background&quot;:&quot;classic&quot;}\" data-cs-parallax-y=\"100\" style=\"background-image: none;\" data-cs-background-image=\"https:\/\/riad-daralassad-marrakech.com\/wp-content\/uploads\/2025\/07\/RIAD-DAR-AL-ASSAD-135.jpg\" data-cs-background-image-alt-text=\"\">\n\t\t\t\t\t\t\t<div class=\"elementor-background-overlay\"><\/div>\n\t\t\t\t\t\t\t<div class=\"elementor-container elementor-column-gap-no\">\n\t\t\t\t\t<div class=\"elementor-column elementor-col-100 elementor-top-column elementor-element elementor-element-4b4e1896 dark-color\" data-id=\"4b4e1896\" data-element_type=\"column\">\n\t\t\t<div class=\"elementor-widget-wrap elementor-element-populated\">\n\t\t\t\t\t\t<div class=\"elementor-element elementor-element-2f2ccf9f elementor-widget elementor-widget-cs_title\" data-id=\"2f2ccf9f\" data-element_type=\"widget\" data-widget_type=\"cs_title.default\">\n\t\t\t\t<div class=\"elementor-widget-container\">\n\t\t\t\t\t\n        <div class=\"cs-title-wrap text-center\">\t            <h1 class=\"cs-title\">\n\t                Blog\t            <\/h1>        <\/div>\t\t\t\t<\/div>\n\t\t\t\t<\/div>\n\t\t\t\t\t<\/div>\n\t\t<\/div>\n\t\t\t\t\t<\/div>\n\t\t<\/section>\n\t\t\t\t<section class=\"elementor-section elementor-top-section elementor-element elementor-element-94861f4 elementor-section-boxed elementor-section-height-default elementor-section-height-default\" data-id=\"94861f4\" data-element_type=\"section\">\n\t\t\t\t\t\t<div class=\"elementor-container elementor-column-gap-no\">\n\t\t\t\t\t<div class=\"elementor-column elementor-col-100 elementor-top-column elementor-element elementor-element-a3e7b67\" data-id=\"a3e7b67\" data-element_type=\"column\">\n\t\t\t<div class=\"elementor-widget-wrap elementor-element-populated\">\n\t\t\t\t\t\t\t<\/div>\n\t\t<\/div>\n\t\t\t\t\t<\/div>\n\t\t<\/section>\n\t\t\t\t<\/div>","protected":false},"excerpt":{"rendered":"<p>Blog<\/p>","protected":false},"author":1,"featured_media":0,"parent":0,"menu_order":0,"comment_status":"closed","ping_status":"closed","template":"template-wide-content.php","meta":{"inline_featured_image":false,"cozystay_single_page_hide_site_header":"","cozystay_single_page_site_header_source":"","cozystay_single_page_custom_site_header":"0","cozystay_single_page_custom_sticky_site_header":"0","cozystay_single_page_hide_page_title":"on","cozystay_single_page_header_section_size":"","cozystay_single_page_header_background_color":"","cozystay_single_page_header_background_position_x":"center","cozystay_single_page_header_background_position_y":"center","cozystay_single_page_header_background_size":"cover","cozystay_single_page_header_background_repeat":"off","cozystay_single_page_header_background_scroll":"on","cozystay_single_page_header_text_color":"","cozystay_single_page_header_show_breadcrumb":"","cozystay_single_page_site_footer_hide_main":"","cozystay_single_custom_site_footer_main_source":"","cozystay_single_custom_site_footer_main":"0","cozystay_single_page_site_footer_hide_above":"","cozystay_single_custom_site_footer_above_source":"","cozystay_single_custom_site_footer_above":"0","cozystay_single_page_site_footer_hide_instagram":"","cozystay_single_page_site_footer_hide_bottom":"","cozystay_single_custom_mobile_menu_source":"","cozystay_single_custom_mobile_menu":"0","cozystay_single_custom_mobile_menu_animation":"","cozystay_single_custom_mobile_menu_width":"","cozystay_single_custom_mobile_menu_custom_width":375,"footnotes":""},"class_list":["post-398","page","type-page","status-publish","hentry"],"yoast_head":"<!-- This site is optimized with the Yoast SEO plugin v25.8 - https:\/\/yoast.com\/wordpress\/plugins\/seo\/ -->\n<title>Le Blog - Riad Dar Al Assad Marrakech<\/title>\n<meta name=\"robots\" content=\"index, follow, max-snippet:-1, max-image-preview:large, max-video-preview:-1\" \/>\n<link rel=\"canonical\" href=\"https:\/\/riad-daralassad-marrakech.com\/en\/blog\/\" \/>\n<meta property=\"og:locale\" content=\"en_GB\" \/>\n<meta property=\"og:type\" content=\"article\" \/>\n<meta property=\"og:title\" content=\"Le Blog - Riad Dar Al Assad Marrakech\" \/>\n<meta property=\"og:description\" content=\"Blog\" \/>\n<meta property=\"og:url\" content=\"https:\/\/riad-daralassad-marrakech.com\/en\/blog\/\" \/>\n<meta property=\"og:site_name\" content=\"Riad Dar Al Assad Marrakech\" \/>\n<meta property=\"article:modified_time\" content=\"2025-08-08T09:27:33+00:00\" \/>\n<meta name=\"twitter:card\" content=\"summary_large_image\" \/>\n<script type=\"application\/ld+json\" class=\"yoast-schema-graph\">{\"@context\":\"https:\/\/schema.org\",\"@graph\":[{\"@type\":\"WebPage\",\"@id\":\"https:\/\/riad-daralassad-marrakech.com\/blog\/\",\"url\":\"https:\/\/riad-daralassad-marrakech.com\/blog\/\",\"name\":\"Le Blog - Riad Dar Al Assad Marrakech\",\"isPartOf\":{\"@id\":\"https:\/\/riad-daralassad-marrakech.com\/#website\"},\"datePublished\":\"2023-03-26T07:52:14+00:00\",\"dateModified\":\"2025-08-08T09:27:33+00:00\",\"breadcrumb\":{\"@id\":\"https:\/\/riad-daralassad-marrakech.com\/blog\/#breadcrumb\"},\"inLanguage\":\"en-GB\",\"potentialAction\":[{\"@type\":\"ReadAction\",\"target\":[\"https:\/\/riad-daralassad-marrakech.com\/blog\/\"]}]},{\"@type\":\"BreadcrumbList\",\"@id\":\"https:\/\/riad-daralassad-marrakech.com\/blog\/#breadcrumb\",\"itemListElement\":[{\"@type\":\"ListItem\",\"position\":1,\"name\":\"Home\",\"item\":\"https:\/\/riad-daralassad-marrakech.com\/\"},{\"@type\":\"ListItem\",\"position\":2,\"name\":\"Le Blog\"}]},{\"@type\":\"WebSite\",\"@id\":\"https:\/\/riad-daralassad-marrakech.com\/#website\",\"url\":\"https:\/\/riad-daralassad-marrakech.com\/\",\"name\":\"Riad Dar Al Assad Marrakech\",\"description\":\"Un lieu d\u2019histoire, de s\u00e9r\u00e9nit\u00e9 et d\u2019hospitalit\u00e9 marocaine.\",\"publisher\":{\"@id\":\"https:\/\/riad-daralassad-marrakech.com\/#organization\"},\"potentialAction\":[{\"@type\":\"SearchAction\",\"target\":{\"@type\":\"EntryPoint\",\"urlTemplate\":\"https:\/\/riad-daralassad-marrakech.com\/?s={search_term_string}\"},\"query-input\":{\"@type\":\"PropertyValueSpecification\",\"valueRequired\":true,\"valueName\":\"search_term_string\"}}],\"inLanguage\":\"en-GB\"},{\"@type\":\"Organization\",\"@id\":\"https:\/\/riad-daralassad-marrakech.com\/#organization\",\"name\":\"Riad Dar Al Assad Marrakech\",\"url\":\"https:\/\/riad-daralassad-marrakech.com\/\",\"logo\":{\"@type\":\"ImageObject\",\"inLanguage\":\"en-GB\",\"@id\":\"https:\/\/riad-daralassad-marrakech.com\/#\/schema\/logo\/image\/\",\"url\":\"https:\/\/riad-daralassad-marrakech.com\/wp-content\/uploads\/2025\/08\/Maison-Table-dhotes_Plan-de-travail-1-copie-13.svg\",\"contentUrl\":\"https:\/\/riad-daralassad-marrakech.com\/wp-content\/uploads\/2025\/08\/Maison-Table-dhotes_Plan-de-travail-1-copie-13.svg\",\"width\":841,\"height\":595,\"caption\":\"Riad Dar Al Assad Marrakech\"},\"image\":{\"@id\":\"https:\/\/riad-daralassad-marrakech.com\/#\/schema\/logo\/image\/\"}}]}<\/script>\n<!-- \/ Yoast SEO plugin. -->","yoast_head_json":{"title":"The Blog - Riad Dar Al Assad Marrakech","robots":{"index":"index","follow":"follow","max-snippet":"max-snippet:-1","max-image-preview":"max-image-preview:large","max-video-preview":"max-video-preview:-1"},"canonical":"https:\/\/riad-daralassad-marrakech.com\/en\/blog\/","og_locale":"en_GB","og_type":"article","og_title":"Le Blog - Riad Dar Al Assad Marrakech","og_description":"Blog","og_url":"https:\/\/riad-daralassad-marrakech.com\/en\/blog\/","og_site_name":"Riad Dar Al Assad Marrakech","article_modified_time":"2025-08-08T09:27:33+00:00","twitter_card":"summary_large_image","schema":{"@context":"https:\/\/schema.org","@graph":[{"@type":"WebPage","@id":"https:\/\/riad-daralassad-marrakech.com\/blog\/","url":"https:\/\/riad-daralassad-marrakech.com\/blog\/","name":"The Blog - Riad Dar Al Assad Marrakech","isPartOf":{"@id":"https:\/\/riad-daralassad-marrakech.com\/#website"},"datePublished":"2023-03-26T07:52:14+00:00","dateModified":"2025-08-08T09:27:33+00:00","breadcrumb":{"@id":"https:\/\/riad-daralassad-marrakech.com\/blog\/#breadcrumb"},"inLanguage":"en-GB","potentialAction":[{"@type":"ReadAction","target":["https:\/\/riad-daralassad-marrakech.com\/blog\/"]}]},{"@type":"BreadcrumbList","@id":"https:\/\/riad-daralassad-marrakech.com\/blog\/#breadcrumb","itemListElement":[{"@type":"ListItem","position":1,"name":"Home","item":"https:\/\/riad-daralassad-marrakech.com\/"},{"@type":"ListItem","position":2,"name":"Le Blog"}]},{"@type":"WebSite","@id":"https:\/\/riad-daralassad-marrakech.com\/#website","url":"https:\/\/riad-daralassad-marrakech.com\/","name":"Riad Dar Al Assad Marrakech","description":"A place of history, serenity and Moroccan hospitality.","publisher":{"@id":"https:\/\/riad-daralassad-marrakech.com\/#organization"},"potentialAction":[{"@type":"SearchAction","target":{"@type":"EntryPoint","urlTemplate":"https:\/\/riad-daralassad-marrakech.com\/?s={search_term_string}"},"query-input":{"@type":"PropertyValueSpecification","valueRequired":true,"valueName":"search_term_string"}}],"inLanguage":"en-GB"},{"@type":"Organization","@id":"https:\/\/riad-daralassad-marrakech.com\/#organization","name":"Riad Dar Al Assad Marrakech","url":"https:\/\/riad-daralassad-marrakech.com\/","logo":{"@type":"ImageObject","inLanguage":"en-GB","@id":"https:\/\/riad-daralassad-marrakech.com\/#\/schema\/logo\/image\/","url":"https:\/\/riad-daralassad-marrakech.com\/wp-content\/uploads\/2025\/08\/Maison-Table-dhotes_Plan-de-travail-1-copie-13.svg","contentUrl":"https:\/\/riad-daralassad-marrakech.com\/wp-content\/uploads\/2025\/08\/Maison-Table-dhotes_Plan-de-travail-1-copie-13.svg","width":841,"height":595,"caption":"Riad Dar Al Assad Marrakech"},"image":{"@id":"https:\/\/riad-daralassad-marrakech.com\/#\/schema\/logo\/image\/"}}]}},"_links":{"self":[{"href":"https:\/\/riad-daralassad-marrakech.com\/en\/wp-json\/wp\/v2\/pages\/398","targetHints":{"allow":["GET"]}}],"collection":[{"href":"https:\/\/riad-daralassad-marrakech.com\/en\/wp-json\/wp\/v2\/pages"}],"about":[{"href":"https:\/\/riad-daralassad-marrakech.com\/en\/wp-json\/wp\/v2\/types\/page"}],"author":[{"embeddable":true,"href":"https:\/\/riad-daralassad-marrakech.com\/en\/wp-json\/wp\/v2\/users\/1"}],"replies":[{"embeddable":true,"href":"https:\/\/riad-daralassad-marrakech.com\/en\/wp-json\/wp\/v2\/comments?post=398"}],"version-history":[{"count":6,"href":"https:\/\/riad-daralassad-marrakech.com\/en\/wp-json\/wp\/v2\/pages\/398\/revisions"}],"predecessor-version":[{"id":2909,"href":"https:\/\/riad-daralassad-marrakech.com\/en\/wp-json\/wp\/v2\/pages\/398\/revisions\/2909"}],"wp:attachment":[{"href":"https:\/\/riad-daralassad-marrakech.com\/en\/wp-json\/wp\/v2\/media?parent=398"}],"curies":[{"name":"wp","href":"https:\/\/api.w.org\/{rel}","templated":true}]}}