{"id":2801,"date":"2025-08-06T18:17:18","date_gmt":"2025-08-06T18:17:18","guid":{"rendered":"https:\/\/riad-daralassad-marrakech.com\/?page_id=2801"},"modified":"2025-08-06T18:17:19","modified_gmt":"2025-08-06T18:17:19","slug":"general-conditions-of-sale","status":"publish","type":"page","link":"https:\/\/riad-daralassad-marrakech.com\/en\/general-conditions-of-sale\/","title":{"rendered":"General Conditions of Sale"},"content":{"rendered":"<p><strong>Article 1 \u2013 Reservation contract<\/strong><\/p>\n\n\n\n<p>All reservations must be confirmed in writing (fax or email bearing signature) and accompanied by a deposit of 70 % with a minimum of one night per room reserved.<\/p>\n\n\n\n<p>The duration (as well as the number of people) must be respected and, in the event of a shortened stay, the price will remain due without the possibility of reimbursement.<\/p>\n\n\n\n<p>The balance of the price, as well as the services, must be paid on the agreed departure day.<\/p>\n\n\n\n<p>Table d&#039;h\u00f4te dining is only permitted upon prior reservation.<\/p>\n\n\n\n<p>Animals may be admitted upon prior request and commitment to guarantee any possible disorder.<\/p>\n\n\n\n<p><strong>Article 2nd \u2013 Cancellation<\/strong><\/p>\n\n\n\n<p>The customer must take out a cancellation insurance policy personally, remembering that these guarantees are generally included in the bank cardholder contract.<\/p>\n\n\n\n<p>The reservation is non-cancellable in sentence 2, therefore the deposit will be retained.<\/p>\n\n\n\n<p><strong>Article 3 \u2013 Departure and arrival times<\/strong><\/p>\n\n\n\n<p>For organizational reasons, rooms are available from 3 p.m. and must be vacated by 12 p.m.<\/p>\n\n\n\n<p>Naturally, these times can be adapted on request and subject to sufficient time to best prepare the rooms.<\/p>\n\n\n\n<p>The common areas can be used for any waiting time before the rooms are made available or after they are vacated, to allow you to enjoy your stay.<\/p>","protected":false},"excerpt":{"rendered":"<p>Article 1er &#8211; Contrat de r\u00e9servation Toute r\u00e9servation devra \u00eatre confirm\u00e9e par \u00e9crit (fax ou mail portant signature) et accompagn\u00e9e d&rsquo;un versement d&rsquo;un acompte de 70 % avec un minimum d&rsquo;une nuit\u00e9e par chambre r\u00e9serv\u00e9e. La dur\u00e9e (tout comme le nombre de personnes) devra \u00eatre respect\u00e9e et, en cas de s\u00e9jour \u00e9court\u00e9, le prix restera &#8230;<\/p>","protected":false},"author":1,"featured_media":2147,"parent":0,"menu_order":0,"comment_status":"closed","ping_status":"open","template":"template-fullwidth.php","meta":{"inline_featured_image":false,"cozystay_single_page_hide_site_header":"","cozystay_single_page_site_header_source":"","cozystay_single_page_custom_site_header":"0","cozystay_single_page_custom_sticky_site_header":"0","cozystay_single_page_hide_page_title":"","cozystay_single_page_header_section_size":"","cozystay_single_page_header_background_color":"","cozystay_single_page_header_background_position_x":"center","cozystay_single_page_header_background_position_y":"center","cozystay_single_page_header_background_size":"cover","cozystay_single_page_header_background_repeat":"off","cozystay_single_page_header_background_scroll":"on","cozystay_single_page_header_text_color":"","cozystay_single_page_header_show_breadcrumb":"","cozystay_single_page_site_footer_hide_main":"","cozystay_single_custom_site_footer_main_source":"","cozystay_single_custom_site_footer_main":"0","cozystay_single_page_site_footer_hide_above":"","cozystay_single_custom_site_footer_above_source":"","cozystay_single_custom_site_footer_above":"0","cozystay_single_page_site_footer_hide_instagram":"","cozystay_single_page_site_footer_hide_bottom":"","cozystay_single_custom_mobile_menu_source":"","cozystay_single_custom_mobile_menu":"0","cozystay_single_custom_mobile_menu_animation":"","cozystay_single_custom_mobile_menu_width":"","cozystay_single_custom_mobile_menu_custom_width":375,"footnotes":""},"class_list":["post-2801","page","type-page","status-publish","has-post-thumbnail","hentry"],"yoast_head":"<!-- This site is optimized with the Yoast SEO plugin v25.8 - https:\/\/yoast.com\/wordpress\/plugins\/seo\/ -->\n<title>Conditions G\u00e9n\u00e9rales de Vente - Riad Dar Al Assad Marrakech<\/title>\n<meta name=\"robots\" content=\"index, follow, max-snippet:-1, max-image-preview:large, max-video-preview:-1\" \/>\n<link rel=\"canonical\" href=\"https:\/\/riad-daralassad-marrakech.com\/en\/general-conditions-of-sale\/\" \/>\n<meta property=\"og:locale\" content=\"en_GB\" \/>\n<meta property=\"og:type\" content=\"article\" \/>\n<meta property=\"og:title\" content=\"Conditions G\u00e9n\u00e9rales de Vente - Riad Dar Al Assad Marrakech\" \/>\n<meta property=\"og:description\" content=\"Article 1er &#8211; Contrat de r\u00e9servation Toute r\u00e9servation devra \u00eatre confirm\u00e9e par \u00e9crit (fax ou mail portant signature) et accompagn\u00e9e d&rsquo;un versement d&rsquo;un acompte de 70 % avec un minimum d&rsquo;une nuit\u00e9e par chambre r\u00e9serv\u00e9e. La dur\u00e9e (tout comme le nombre de personnes) devra \u00eatre respect\u00e9e et, en cas de s\u00e9jour \u00e9court\u00e9, le prix restera ...\" \/>\n<meta property=\"og:url\" content=\"https:\/\/riad-daralassad-marrakech.com\/en\/general-conditions-of-sale\/\" \/>\n<meta property=\"og:site_name\" content=\"Riad Dar Al Assad Marrakech\" \/>\n<meta property=\"article:modified_time\" content=\"2025-08-06T18:17:19+00:00\" \/>\n<meta property=\"og:image\" content=\"https:\/\/riad-daralassad-marrakech.com\/wp-content\/uploads\/2023\/03\/RIAD-DAR-AL-ASSAD54.jpg\" \/>\n\t<meta property=\"og:image:width\" content=\"1920\" \/>\n\t<meta property=\"og:image:height\" content=\"1281\" \/>\n\t<meta property=\"og:image:type\" content=\"image\/jpeg\" \/>\n<meta name=\"twitter:card\" content=\"summary_large_image\" \/>\n<meta name=\"twitter:label1\" content=\"Estimated reading time\" \/>\n\t<meta name=\"twitter:data1\" content=\"1 minute\" \/>\n<script type=\"application\/ld+json\" class=\"yoast-schema-graph\">{\"@context\":\"https:\/\/schema.org\",\"@graph\":[{\"@type\":\"WebPage\",\"@id\":\"https:\/\/riad-daralassad-marrakech.com\/conditions-generales-de-vente\/\",\"url\":\"https:\/\/riad-daralassad-marrakech.com\/conditions-generales-de-vente\/\",\"name\":\"Conditions G\u00e9n\u00e9rales de Vente - Riad Dar Al Assad Marrakech\",\"isPartOf\":{\"@id\":\"https:\/\/riad-daralassad-marrakech.com\/#website\"},\"primaryImageOfPage\":{\"@id\":\"https:\/\/riad-daralassad-marrakech.com\/conditions-generales-de-vente\/#primaryimage\"},\"image\":{\"@id\":\"https:\/\/riad-daralassad-marrakech.com\/conditions-generales-de-vente\/#primaryimage\"},\"thumbnailUrl\":\"https:\/\/riad-daralassad-marrakech.com\/wp-content\/uploads\/2023\/03\/RIAD-DAR-AL-ASSAD54.jpg\",\"datePublished\":\"2025-08-06T18:17:18+00:00\",\"dateModified\":\"2025-08-06T18:17:19+00:00\",\"breadcrumb\":{\"@id\":\"https:\/\/riad-daralassad-marrakech.com\/conditions-generales-de-vente\/#breadcrumb\"},\"inLanguage\":\"en-GB\",\"potentialAction\":[{\"@type\":\"ReadAction\",\"target\":[\"https:\/\/riad-daralassad-marrakech.com\/conditions-generales-de-vente\/\"]}]},{\"@type\":\"ImageObject\",\"inLanguage\":\"en-GB\",\"@id\":\"https:\/\/riad-daralassad-marrakech.com\/conditions-generales-de-vente\/#primaryimage\",\"url\":\"https:\/\/riad-daralassad-marrakech.com\/wp-content\/uploads\/2023\/03\/RIAD-DAR-AL-ASSAD54.jpg\",\"contentUrl\":\"https:\/\/riad-daralassad-marrakech.com\/wp-content\/uploads\/2023\/03\/RIAD-DAR-AL-ASSAD54.jpg\",\"width\":1920,\"height\":1281},{\"@type\":\"BreadcrumbList\",\"@id\":\"https:\/\/riad-daralassad-marrakech.com\/conditions-generales-de-vente\/#breadcrumb\",\"itemListElement\":[{\"@type\":\"ListItem\",\"position\":1,\"name\":\"Home\",\"item\":\"https:\/\/riad-daralassad-marrakech.com\/\"},{\"@type\":\"ListItem\",\"position\":2,\"name\":\"Conditions G\u00e9n\u00e9rales de Vente\"}]},{\"@type\":\"WebSite\",\"@id\":\"https:\/\/riad-daralassad-marrakech.com\/#website\",\"url\":\"https:\/\/riad-daralassad-marrakech.com\/\",\"name\":\"Riad Dar Al Assad Marrakech\",\"description\":\"Un lieu d\u2019histoire, de s\u00e9r\u00e9nit\u00e9 et d\u2019hospitalit\u00e9 marocaine.\",\"publisher\":{\"@id\":\"https:\/\/riad-daralassad-marrakech.com\/#organization\"},\"potentialAction\":[{\"@type\":\"SearchAction\",\"target\":{\"@type\":\"EntryPoint\",\"urlTemplate\":\"https:\/\/riad-daralassad-marrakech.com\/?s={search_term_string}\"},\"query-input\":{\"@type\":\"PropertyValueSpecification\",\"valueRequired\":true,\"valueName\":\"search_term_string\"}}],\"inLanguage\":\"en-GB\"},{\"@type\":\"Organization\",\"@id\":\"https:\/\/riad-daralassad-marrakech.com\/#organization\",\"name\":\"Riad Dar Al Assad Marrakech\",\"url\":\"https:\/\/riad-daralassad-marrakech.com\/\",\"logo\":{\"@type\":\"ImageObject\",\"inLanguage\":\"en-GB\",\"@id\":\"https:\/\/riad-daralassad-marrakech.com\/#\/schema\/logo\/image\/\",\"url\":\"https:\/\/riad-daralassad-marrakech.com\/wp-content\/uploads\/2025\/08\/Maison-Table-dhotes_Plan-de-travail-1-copie-13.svg\",\"contentUrl\":\"https:\/\/riad-daralassad-marrakech.com\/wp-content\/uploads\/2025\/08\/Maison-Table-dhotes_Plan-de-travail-1-copie-13.svg\",\"width\":841,\"height\":595,\"caption\":\"Riad Dar Al Assad Marrakech\"},\"image\":{\"@id\":\"https:\/\/riad-daralassad-marrakech.com\/#\/schema\/logo\/image\/\"}}]}<\/script>\n<!-- \/ Yoast SEO plugin. -->","yoast_head_json":{"title":"General Conditions of Sale - Riad Dar Al Assad Marrakech","robots":{"index":"index","follow":"follow","max-snippet":"max-snippet:-1","max-image-preview":"max-image-preview:large","max-video-preview":"max-video-preview:-1"},"canonical":"https:\/\/riad-daralassad-marrakech.com\/en\/general-conditions-of-sale\/","og_locale":"en_GB","og_type":"article","og_title":"Conditions G\u00e9n\u00e9rales de Vente - Riad Dar Al Assad Marrakech","og_description":"Article 1er &#8211; Contrat de r\u00e9servation Toute r\u00e9servation devra \u00eatre confirm\u00e9e par \u00e9crit (fax ou mail portant signature) et accompagn\u00e9e d&rsquo;un versement d&rsquo;un acompte de 70 % avec un minimum d&rsquo;une nuit\u00e9e par chambre r\u00e9serv\u00e9e. La dur\u00e9e (tout comme le nombre de personnes) devra \u00eatre respect\u00e9e et, en cas de s\u00e9jour \u00e9court\u00e9, le prix restera ...","og_url":"https:\/\/riad-daralassad-marrakech.com\/en\/general-conditions-of-sale\/","og_site_name":"Riad Dar Al Assad Marrakech","article_modified_time":"2025-08-06T18:17:19+00:00","og_image":[{"width":1920,"height":1281,"url":"https:\/\/riad-daralassad-marrakech.com\/wp-content\/uploads\/2023\/03\/RIAD-DAR-AL-ASSAD54.jpg","type":"image\/jpeg"}],"twitter_card":"summary_large_image","twitter_misc":{"Estimated reading time":"1 minute"},"schema":{"@context":"https:\/\/schema.org","@graph":[{"@type":"WebPage","@id":"https:\/\/riad-daralassad-marrakech.com\/conditions-generales-de-vente\/","url":"https:\/\/riad-daralassad-marrakech.com\/conditions-generales-de-vente\/","name":"General Conditions of Sale - Riad Dar Al Assad Marrakech","isPartOf":{"@id":"https:\/\/riad-daralassad-marrakech.com\/#website"},"primaryImageOfPage":{"@id":"https:\/\/riad-daralassad-marrakech.com\/conditions-generales-de-vente\/#primaryimage"},"image":{"@id":"https:\/\/riad-daralassad-marrakech.com\/conditions-generales-de-vente\/#primaryimage"},"thumbnailUrl":"https:\/\/riad-daralassad-marrakech.com\/wp-content\/uploads\/2023\/03\/RIAD-DAR-AL-ASSAD54.jpg","datePublished":"2025-08-06T18:17:18+00:00","dateModified":"2025-08-06T18:17:19+00:00","breadcrumb":{"@id":"https:\/\/riad-daralassad-marrakech.com\/conditions-generales-de-vente\/#breadcrumb"},"inLanguage":"en-GB","potentialAction":[{"@type":"ReadAction","target":["https:\/\/riad-daralassad-marrakech.com\/conditions-generales-de-vente\/"]}]},{"@type":"ImageObject","inLanguage":"en-GB","@id":"https:\/\/riad-daralassad-marrakech.com\/conditions-generales-de-vente\/#primaryimage","url":"https:\/\/riad-daralassad-marrakech.com\/wp-content\/uploads\/2023\/03\/RIAD-DAR-AL-ASSAD54.jpg","contentUrl":"https:\/\/riad-daralassad-marrakech.com\/wp-content\/uploads\/2023\/03\/RIAD-DAR-AL-ASSAD54.jpg","width":1920,"height":1281},{"@type":"BreadcrumbList","@id":"https:\/\/riad-daralassad-marrakech.com\/conditions-generales-de-vente\/#breadcrumb","itemListElement":[{"@type":"ListItem","position":1,"name":"Home","item":"https:\/\/riad-daralassad-marrakech.com\/"},{"@type":"ListItem","position":2,"name":"Conditions G\u00e9n\u00e9rales de Vente"}]},{"@type":"WebSite","@id":"https:\/\/riad-daralassad-marrakech.com\/#website","url":"https:\/\/riad-daralassad-marrakech.com\/","name":"Riad Dar Al Assad Marrakech","description":"A place of history, serenity and Moroccan hospitality.","publisher":{"@id":"https:\/\/riad-daralassad-marrakech.com\/#organization"},"potentialAction":[{"@type":"SearchAction","target":{"@type":"EntryPoint","urlTemplate":"https:\/\/riad-daralassad-marrakech.com\/?s={search_term_string}"},"query-input":{"@type":"PropertyValueSpecification","valueRequired":true,"valueName":"search_term_string"}}],"inLanguage":"en-GB"},{"@type":"Organization","@id":"https:\/\/riad-daralassad-marrakech.com\/#organization","name":"Riad Dar Al Assad Marrakech","url":"https:\/\/riad-daralassad-marrakech.com\/","logo":{"@type":"ImageObject","inLanguage":"en-GB","@id":"https:\/\/riad-daralassad-marrakech.com\/#\/schema\/logo\/image\/","url":"https:\/\/riad-daralassad-marrakech.com\/wp-content\/uploads\/2025\/08\/Maison-Table-dhotes_Plan-de-travail-1-copie-13.svg","contentUrl":"https:\/\/riad-daralassad-marrakech.com\/wp-content\/uploads\/2025\/08\/Maison-Table-dhotes_Plan-de-travail-1-copie-13.svg","width":841,"height":595,"caption":"Riad Dar Al Assad Marrakech"},"image":{"@id":"https:\/\/riad-daralassad-marrakech.com\/#\/schema\/logo\/image\/"}}]}},"_links":{"self":[{"href":"https:\/\/riad-daralassad-marrakech.com\/en\/wp-json\/wp\/v2\/pages\/2801","targetHints":{"allow":["GET"]}}],"collection":[{"href":"https:\/\/riad-daralassad-marrakech.com\/en\/wp-json\/wp\/v2\/pages"}],"about":[{"href":"https:\/\/riad-daralassad-marrakech.com\/en\/wp-json\/wp\/v2\/types\/page"}],"author":[{"embeddable":true,"href":"https:\/\/riad-daralassad-marrakech.com\/en\/wp-json\/wp\/v2\/users\/1"}],"replies":[{"embeddable":true,"href":"https:\/\/riad-daralassad-marrakech.com\/en\/wp-json\/wp\/v2\/comments?post=2801"}],"version-history":[{"count":1,"href":"https:\/\/riad-daralassad-marrakech.com\/en\/wp-json\/wp\/v2\/pages\/2801\/revisions"}],"predecessor-version":[{"id":2802,"href":"https:\/\/riad-daralassad-marrakech.com\/en\/wp-json\/wp\/v2\/pages\/2801\/revisions\/2802"}],"wp:featuredmedia":[{"embeddable":true,"href":"https:\/\/riad-daralassad-marrakech.com\/en\/wp-json\/wp\/v2\/media\/2147"}],"wp:attachment":[{"href":"https:\/\/riad-daralassad-marrakech.com\/en\/wp-json\/wp\/v2\/media?parent=2801"}],"curies":[{"name":"wp","href":"https:\/\/api.w.org\/{rel}","templated":true}]}}