{"id":2216,"date":"2025-07-28T16:16:21","date_gmt":"2025-07-28T16:16:21","guid":{"rendered":"https:\/\/riad-daralassad-marrakech.com\/?page_id=2216"},"modified":"2025-07-28T19:48:17","modified_gmt":"2025-07-28T19:48:17","slug":"essaouira","status":"publish","type":"page","link":"https:\/\/riad-daralassad-marrakech.com\/en\/essaouira\/","title":{"rendered":"Essaouira"},"content":{"rendered":"<div data-elementor-type=\"wp-page\" data-elementor-id=\"2216\" class=\"elementor elementor-2216\">\n\t\t\t\t\t\t<section class=\"elementor-section elementor-top-section elementor-element elementor-element-c90a5bd elementor-section-height-min-height cs-section-content-fullwidth cs-parallax-on-scroll cs_scroll_y_120 elementor-section-boxed elementor-section-height-default elementor-section-items-middle\" data-id=\"c90a5bd\" data-element_type=\"section\" data-settings=\"{&quot;background_background&quot;:&quot;classic&quot;}\" data-cs-parallax-y=\"120\" style=\"background-image: none;\" data-cs-background-image=\"https:\/\/riad-daralassad-marrakech.com\/wp-content\/uploads\/2025\/07\/rigel-No_Y3bn4lNQ-unsplash.jpg\" data-cs-background-image-alt-text=\"\">\n\t\t\t\t\t\t\t<div class=\"elementor-background-overlay\"><\/div>\n\t\t\t\t\t\t\t<div class=\"elementor-container elementor-column-gap-no\">\n\t\t\t\t\t<div class=\"elementor-column elementor-col-100 elementor-top-column elementor-element elementor-element-7d889b7 dark-color\" data-id=\"7d889b7\" data-element_type=\"column\">\n\t\t\t<div class=\"elementor-widget-wrap elementor-element-populated\">\n\t\t\t\t\t\t<div class=\"elementor-element elementor-element-57ca99f elementor-widget elementor-widget-cs_title\" data-id=\"57ca99f\" data-element_type=\"widget\" data-widget_type=\"cs_title.default\">\n\t\t\t\t<div class=\"elementor-widget-container\">\n\t\t\t\t\t\n        <div class=\"cs-title-wrap text-center\">\t            <h1 class=\"cs-title\">\n\t                Essaouira\t            <\/h1>        <\/div>\t\t\t\t<\/div>\n\t\t\t\t<\/div>\n\t\t\t\t\t<\/div>\n\t\t<\/div>\n\t\t\t\t\t<\/div>\n\t\t<\/section>\n\t\t\t\t<section class=\"elementor-section elementor-top-section elementor-element elementor-element-bdd7054 elementor-section-boxed elementor-section-height-default elementor-section-height-default\" data-id=\"bdd7054\" data-element_type=\"section\">\n\t\t\t\t\t\t<div class=\"elementor-container elementor-column-gap-no\">\n\t\t\t\t\t<div class=\"elementor-column elementor-col-100 elementor-top-column elementor-element elementor-element-f24e1a1\" data-id=\"f24e1a1\" data-element_type=\"column\">\n\t\t\t<div class=\"elementor-widget-wrap elementor-element-populated\">\n\t\t\t\t\t\t<div class=\"elementor-element elementor-element-b6a4684 cs-animation-small-offset elementor-invisible elementor-widget elementor-widget-cs_gallery\" data-id=\"b6a4684\" data-element_type=\"widget\" data-settings=\"{&quot;_animation&quot;:&quot;fadeInUp&quot;,&quot;_animation_delay&quot;:200}\" data-widget_type=\"cs_gallery.default\">\n\t\t\t\t<div class=\"elementor-widget-container\">\n\t\t\t\t\t\n            <div class=\"cs-gallery gap-5 gallery-grid grid-col-3\">\n                <div class=\"cs-gallery-wrap\">                    <div class=\"cs-gallery-item\"><img fetchpriority=\"high\" decoding=\"async\" width=\"550\" height=\"550\" src=\"https:\/\/riad-daralassad-marrakech.com\/wp-content\/uploads\/2025\/07\/3-550x550.png\" class=\"attachment-cozystay_550x9999 size-cozystay_550x9999 wp-image-2231\" alt=\"\" srcset=\"https:\/\/riad-daralassad-marrakech.com\/wp-content\/uploads\/2025\/07\/3-550x550.png 550w, https:\/\/riad-daralassad-marrakech.com\/wp-content\/uploads\/2025\/07\/3-300x300.png 300w, https:\/\/riad-daralassad-marrakech.com\/wp-content\/uploads\/2025\/07\/3-1024x1024.png 1024w, https:\/\/riad-daralassad-marrakech.com\/wp-content\/uploads\/2025\/07\/3-150x150.png 150w, https:\/\/riad-daralassad-marrakech.com\/wp-content\/uploads\/2025\/07\/3-768x768.png 768w, https:\/\/riad-daralassad-marrakech.com\/wp-content\/uploads\/2025\/07\/3-1536x1536.png 1536w, https:\/\/riad-daralassad-marrakech.com\/wp-content\/uploads\/2025\/07\/3-1440x1440.png 1440w, https:\/\/riad-daralassad-marrakech.com\/wp-content\/uploads\/2025\/07\/3-1200x1200.png 1200w, https:\/\/riad-daralassad-marrakech.com\/wp-content\/uploads\/2025\/07\/3-780x780.png 780w, https:\/\/riad-daralassad-marrakech.com\/wp-content\/uploads\/2025\/07\/3-600x600.png 600w, https:\/\/riad-daralassad-marrakech.com\/wp-content\/uploads\/2025\/07\/3-370x370.png 370w, https:\/\/riad-daralassad-marrakech.com\/wp-content\/uploads\/2025\/07\/3-255x255.png 255w, https:\/\/riad-daralassad-marrakech.com\/wp-content\/uploads\/2025\/07\/3.png 1920w\" sizes=\"(max-width: 550px) 100vw, 550px\" \/>                    <\/div>                    <div class=\"cs-gallery-item\"><img decoding=\"async\" width=\"550\" height=\"550\" src=\"https:\/\/riad-daralassad-marrakech.com\/wp-content\/uploads\/2025\/07\/rigel-No_Y3bn4lNQ-unsplash-550x550.jpg\" class=\"attachment-cozystay_550x9999 size-cozystay_550x9999 wp-image-2233\" alt=\"\" srcset=\"https:\/\/riad-daralassad-marrakech.com\/wp-content\/uploads\/2025\/07\/rigel-No_Y3bn4lNQ-unsplash-550x550.jpg 550w, https:\/\/riad-daralassad-marrakech.com\/wp-content\/uploads\/2025\/07\/rigel-No_Y3bn4lNQ-unsplash-300x300.jpg 300w, https:\/\/riad-daralassad-marrakech.com\/wp-content\/uploads\/2025\/07\/rigel-No_Y3bn4lNQ-unsplash-1024x1024.jpg 1024w, https:\/\/riad-daralassad-marrakech.com\/wp-content\/uploads\/2025\/07\/rigel-No_Y3bn4lNQ-unsplash-150x150.jpg 150w, https:\/\/riad-daralassad-marrakech.com\/wp-content\/uploads\/2025\/07\/rigel-No_Y3bn4lNQ-unsplash-768x768.jpg 768w, https:\/\/riad-daralassad-marrakech.com\/wp-content\/uploads\/2025\/07\/rigel-No_Y3bn4lNQ-unsplash-1536x1536.jpg 1536w, https:\/\/riad-daralassad-marrakech.com\/wp-content\/uploads\/2025\/07\/rigel-No_Y3bn4lNQ-unsplash-1440x1440.jpg 1440w, https:\/\/riad-daralassad-marrakech.com\/wp-content\/uploads\/2025\/07\/rigel-No_Y3bn4lNQ-unsplash-1200x1200.jpg 1200w, https:\/\/riad-daralassad-marrakech.com\/wp-content\/uploads\/2025\/07\/rigel-No_Y3bn4lNQ-unsplash-780x780.jpg 780w, https:\/\/riad-daralassad-marrakech.com\/wp-content\/uploads\/2025\/07\/rigel-No_Y3bn4lNQ-unsplash-600x600.jpg 600w, https:\/\/riad-daralassad-marrakech.com\/wp-content\/uploads\/2025\/07\/rigel-No_Y3bn4lNQ-unsplash-370x370.jpg 370w, https:\/\/riad-daralassad-marrakech.com\/wp-content\/uploads\/2025\/07\/rigel-No_Y3bn4lNQ-unsplash-255x255.jpg 255w, https:\/\/riad-daralassad-marrakech.com\/wp-content\/uploads\/2025\/07\/rigel-No_Y3bn4lNQ-unsplash.jpg 1920w\" sizes=\"(max-width: 550px) 100vw, 550px\" \/>                    <\/div>                    <div class=\"cs-gallery-item\"><img decoding=\"async\" width=\"550\" height=\"550\" src=\"https:\/\/riad-daralassad-marrakech.com\/wp-content\/uploads\/2025\/07\/1-550x550.png\" class=\"attachment-cozystay_550x9999 size-cozystay_550x9999 wp-image-2230\" alt=\"\" srcset=\"https:\/\/riad-daralassad-marrakech.com\/wp-content\/uploads\/2025\/07\/1-550x550.png 550w, https:\/\/riad-daralassad-marrakech.com\/wp-content\/uploads\/2025\/07\/1-300x300.png 300w, https:\/\/riad-daralassad-marrakech.com\/wp-content\/uploads\/2025\/07\/1-1024x1024.png 1024w, https:\/\/riad-daralassad-marrakech.com\/wp-content\/uploads\/2025\/07\/1-150x150.png 150w, https:\/\/riad-daralassad-marrakech.com\/wp-content\/uploads\/2025\/07\/1-768x768.png 768w, https:\/\/riad-daralassad-marrakech.com\/wp-content\/uploads\/2025\/07\/1-1536x1536.png 1536w, https:\/\/riad-daralassad-marrakech.com\/wp-content\/uploads\/2025\/07\/1-1440x1440.png 1440w, https:\/\/riad-daralassad-marrakech.com\/wp-content\/uploads\/2025\/07\/1-1200x1200.png 1200w, https:\/\/riad-daralassad-marrakech.com\/wp-content\/uploads\/2025\/07\/1-780x780.png 780w, https:\/\/riad-daralassad-marrakech.com\/wp-content\/uploads\/2025\/07\/1-600x600.png 600w, https:\/\/riad-daralassad-marrakech.com\/wp-content\/uploads\/2025\/07\/1-370x370.png 370w, https:\/\/riad-daralassad-marrakech.com\/wp-content\/uploads\/2025\/07\/1-255x255.png 255w, https:\/\/riad-daralassad-marrakech.com\/wp-content\/uploads\/2025\/07\/1.png 1920w\" sizes=\"(max-width: 550px) 100vw, 550px\" \/>                    <\/div>                <\/div>\n            <\/div>\t\t\t\t<\/div>\n\t\t\t\t<\/div>\n\t\t\t\t\t<\/div>\n\t\t<\/div>\n\t\t\t\t\t<\/div>\n\t\t<\/section>\n\t\t\t\t<section class=\"elementor-section elementor-top-section elementor-element elementor-element-68275b8 elementor-section-boxed elementor-section-height-default elementor-section-height-default\" data-id=\"68275b8\" data-element_type=\"section\">\n\t\t\t\t\t\t<div class=\"elementor-container elementor-column-gap-no\">\n\t\t\t\t\t<div class=\"elementor-column elementor-col-66 elementor-top-column elementor-element elementor-element-a4414f5\" data-id=\"a4414f5\" data-element_type=\"column\">\n\t\t\t<div class=\"elementor-widget-wrap elementor-element-populated\">\n\t\t\t\t\t\t<div class=\"elementor-element elementor-element-154f24d elementor-widget elementor-widget-cs_title\" data-id=\"154f24d\" data-element_type=\"widget\" data-widget_type=\"cs_title.default\">\n\t\t\t\t<div class=\"elementor-widget-container\">\n\t\t\t\t\t\n        <div class=\"cs-title-wrap\">\t            <div class=\"cs-title-text\">\n\t                <p><strong>Activities :<\/strong><\/p><p>Discover Argan and its importance in the manufacture of culinary and cosmetic products as well as its health benefits.\u00a0<\/p><p>Visit the medina and discover Essaouira on your own or with a local guide.\u00a0<\/p><p>Enjoy the atmosphere created by spiritual Gnawa music and the kindness of the people of Essaouira.\u00a0<\/p><p>Take time to relax on the beach of Essaouira.<\/p><p><strong> Description :<\/strong> There are many things to admire during your visits to Essaouira, such as its pleasant climate, Moulay El Hassan Square, La Skala, the port, the ramparts and the Jewish quarter of Derb Lealouj, and we also do not forget the spiritual atmosphere of the beach. After a comfortable pick-up from your accommodation with a professional driver, on your way, to Essaouira you will have a break in two places before your arrival at your destination, the first stop will be in a nice cafe to rest, It is a chance perhaps to drink a glass of tea \/ coffee, the next stop will be in an argan cooperative to learn more information about the benefits of this amazing and natural product. When you arrive in Essaouira, you will have a free walk, follow the narrow streets of the medina recognized by UNESCO, explore the Jewish quarter at the same time prosperous and meet skilled local artisans; Linger on the city&#039;s vast sandy beaches and enjoy the sound of Gnawa music in the lively cafes of Moulay El Hassan Square. You&#039;ll be free to enjoy lunch at a restaurant of your choice (you can ask your driver for recommendations if necessary), then relax on Essaouira beach and enjoy the fresh air. Return to Marrakech in the late afternoon.<\/p>\t            <\/div>        <\/div>\t\t\t\t<\/div>\n\t\t\t\t<\/div>\n\t\t\t\t\t<\/div>\n\t\t<\/div>\n\t\t\t\t<div class=\"elementor-column elementor-col-33 elementor-top-column elementor-element elementor-element-88eefae\" data-id=\"88eefae\" data-element_type=\"column\" data-settings=\"{&quot;background_background&quot;:&quot;classic&quot;}\">\n\t\t\t<div class=\"elementor-widget-wrap elementor-element-populated\">\n\t\t\t\t\t\t<div class=\"elementor-element elementor-element-8941b37 elementor-widget elementor-widget-cs_title\" data-id=\"8941b37\" data-element_type=\"widget\" data-widget_type=\"cs_title.default\">\n\t\t\t\t<div class=\"elementor-widget-container\">\n\t\t\t\t\t\n        <div class=\"cs-title-wrap\">\t            <h6 class=\"cs-title\">\n\t                Included\t            <\/h6>        <\/div>\t\t\t\t<\/div>\n\t\t\t\t<\/div>\n\t\t\t\t<div class=\"elementor-element elementor-element-1010b33 elementor-widget elementor-widget-cs_list\" data-id=\"1010b33\" data-element_type=\"widget\" data-widget_type=\"cs_list.default\">\n\t\t\t\t<div class=\"elementor-widget-container\">\n\t\t\t\t\t\n            <ul class=\"cs-list cs-list-type-unordered\">                <li>                        <span class=\"list-icon color-primary\">\n                            <svg aria-hidden=\"true\" class=\"e-font-icon-svg e-fas-circle\" viewbox=\"0 0 512 512\" xmlns=\"http:\/\/www.w3.org\/2000\/svg\"><path d=\"M256 8C119 8 8 119 8 256s111 248 248 248 248-111 248-248S393 8 256 8z\"><\/path><\/svg>                        <\/span>                    <span class=\"list-content\">Riad Pick-up and Drop-Off<\/span>                <\/li>                <li>                        <span class=\"list-icon color-primary\">\n                            <svg aria-hidden=\"true\" class=\"e-font-icon-svg e-fas-circle\" viewbox=\"0 0 512 512\" xmlns=\"http:\/\/www.w3.org\/2000\/svg\"><path d=\"M256 8C119 8 8 119 8 256s111 248 248 248 248-111 248-248S393 8 256 8z\"><\/path><\/svg>                        <\/span>                    <span class=\"list-content\">Private \/ comfortable and air-conditioned transport with driver - French or English speaking guide.<\/span>                <\/li>            <\/ul>\t\t\t\t<\/div>\n\t\t\t\t<\/div>\n\t\t\t\t<div class=\"elementor-element elementor-element-f0b5ff5 elementor-widget elementor-widget-cs_title\" data-id=\"f0b5ff5\" data-element_type=\"widget\" data-widget_type=\"cs_title.default\">\n\t\t\t\t<div class=\"elementor-widget-container\">\n\t\t\t\t\t\n        <div class=\"cs-title-wrap\">\t            <h6 class=\"cs-title\">\n\t                Not Included\t            <\/h6>        <\/div>\t\t\t\t<\/div>\n\t\t\t\t<\/div>\n\t\t\t\t<div class=\"elementor-element elementor-element-ff10770 elementor-widget elementor-widget-cs_list\" data-id=\"ff10770\" data-element_type=\"widget\" data-widget_type=\"cs_list.default\">\n\t\t\t\t<div class=\"elementor-widget-container\">\n\t\t\t\t\t\n            <ul class=\"cs-list cs-list-type-unordered\">                <li>                        <span class=\"list-icon color-primary\">\n                            <svg aria-hidden=\"true\" class=\"e-font-icon-svg e-fas-circle\" viewbox=\"0 0 512 512\" xmlns=\"http:\/\/www.w3.org\/2000\/svg\"><path d=\"M256 8C119 8 8 119 8 256s111 248 248 248 248-111 248-248S393 8 256 8z\"><\/path><\/svg>                        <\/span>                    <span class=\"list-content\">Lunch<\/span>                <\/li>                <li>                        <span class=\"list-icon color-primary\">\n                            <svg aria-hidden=\"true\" class=\"e-font-icon-svg e-fas-circle\" viewbox=\"0 0 512 512\" xmlns=\"http:\/\/www.w3.org\/2000\/svg\"><path d=\"M256 8C119 8 8 119 8 256s111 248 248 248 248-111 248-248S393 8 256 8z\"><\/path><\/svg>                        <\/span>                    <span class=\"list-content\">Local guide (Essaouira)<\/span>                <\/li>            <\/ul>\t\t\t\t<\/div>\n\t\t\t\t<\/div>\n\t\t\t\t\t<\/div>\n\t\t<\/div>\n\t\t\t\t\t<\/div>\n\t\t<\/section>\n\t\t\t\t<\/div>","protected":false},"excerpt":{"rendered":"<p>Essaouira Activit\u00e9s : D\u00e9couvrez l\u2019Argan et son importance dans la fabrication de produits culinaires et cosm\u00e9tiques ainsi que ses bienfaits pour la sant\u00e9.\u00a0 Visitez la m\u00e9dina et d\u00e9couvrez Essaouira par vous-m\u00eame au bien avec un guide locale .\u00a0 Profitez de l\u2019ambiance cr\u00e9e par la musique spirituelle gnawa et de la gentillesse des habitants d\u2019Essaouira.\u00a0 Prenez &#8230;<\/p>","protected":false},"author":1,"featured_media":0,"parent":0,"menu_order":0,"comment_status":"closed","ping_status":"closed","template":"template-wide-content.php","meta":{"inline_featured_image":false,"cozystay_single_page_hide_site_header":"","cozystay_single_page_site_header_source":"","cozystay_single_page_custom_site_header":"0","cozystay_single_page_custom_sticky_site_header":"0","cozystay_single_page_hide_page_title":"on","cozystay_single_page_header_section_size":"","cozystay_single_page_header_background_color":"","cozystay_single_page_header_background_position_x":"center","cozystay_single_page_header_background_position_y":"center","cozystay_single_page_header_background_size":"cover","cozystay_single_page_header_background_repeat":"off","cozystay_single_page_header_background_scroll":"on","cozystay_single_page_header_text_color":"","cozystay_single_page_header_show_breadcrumb":"","cozystay_single_page_site_footer_hide_main":"","cozystay_single_custom_site_footer_main_source":"","cozystay_single_custom_site_footer_main":"0","cozystay_single_page_site_footer_hide_above":"","cozystay_single_custom_site_footer_above_source":"","cozystay_single_custom_site_footer_above":"0","cozystay_single_page_site_footer_hide_instagram":"","cozystay_single_page_site_footer_hide_bottom":"","cozystay_single_custom_mobile_menu_source":"","cozystay_single_custom_mobile_menu":"0","cozystay_single_custom_mobile_menu_animation":"","cozystay_single_custom_mobile_menu_width":"","cozystay_single_custom_mobile_menu_custom_width":375,"footnotes":""},"class_list":["post-2216","page","type-page","status-publish","hentry"],"yoast_head":"<!-- This site is optimized with the Yoast SEO plugin v25.8 - https:\/\/yoast.com\/wordpress\/plugins\/seo\/ -->\n<title>Essaouira - Riad Dar Al Assad Marrakech<\/title>\n<meta name=\"robots\" content=\"index, follow, max-snippet:-1, max-image-preview:large, max-video-preview:-1\" \/>\n<link rel=\"canonical\" href=\"https:\/\/riad-daralassad-marrakech.com\/en\/essaouira\/\" \/>\n<meta property=\"og:locale\" content=\"en_GB\" \/>\n<meta property=\"og:type\" content=\"article\" \/>\n<meta property=\"og:title\" content=\"Essaouira - Riad Dar Al Assad Marrakech\" \/>\n<meta property=\"og:description\" content=\"Essaouira Activit\u00e9s : D\u00e9couvrez l\u2019Argan et son importance dans la fabrication de produits culinaires et cosm\u00e9tiques ainsi que ses bienfaits pour la sant\u00e9.\u00a0 Visitez la m\u00e9dina et d\u00e9couvrez Essaouira par vous-m\u00eame au bien avec un guide locale .\u00a0 Profitez de l\u2019ambiance cr\u00e9e par la musique spirituelle gnawa et de la gentillesse des habitants d\u2019Essaouira.\u00a0 Prenez ...\" \/>\n<meta property=\"og:url\" content=\"https:\/\/riad-daralassad-marrakech.com\/en\/essaouira\/\" \/>\n<meta property=\"og:site_name\" content=\"Riad Dar Al Assad Marrakech\" \/>\n<meta property=\"article:modified_time\" content=\"2025-07-28T19:48:17+00:00\" \/>\n<meta property=\"og:image\" content=\"https:\/\/riad-daralassad-marrakech.com\/wp-content\/uploads\/2025\/07\/3-1024x1024.png\" \/>\n\t<meta property=\"og:image:width\" content=\"1024\" \/>\n\t<meta property=\"og:image:height\" content=\"1024\" \/>\n\t<meta property=\"og:image:type\" content=\"image\/png\" \/>\n<meta name=\"twitter:card\" content=\"summary_large_image\" \/>\n<meta name=\"twitter:label1\" content=\"Estimated reading time\" \/>\n\t<meta name=\"twitter:data1\" content=\"2 minutes\" \/>\n<script type=\"application\/ld+json\" class=\"yoast-schema-graph\">{\"@context\":\"https:\/\/schema.org\",\"@graph\":[{\"@type\":\"WebPage\",\"@id\":\"https:\/\/riad-daralassad-marrakech.com\/essaouira\/\",\"url\":\"https:\/\/riad-daralassad-marrakech.com\/essaouira\/\",\"name\":\"Essaouira - Riad Dar Al Assad Marrakech\",\"isPartOf\":{\"@id\":\"https:\/\/riad-daralassad-marrakech.com\/#website\"},\"primaryImageOfPage\":{\"@id\":\"https:\/\/riad-daralassad-marrakech.com\/essaouira\/#primaryimage\"},\"image\":{\"@id\":\"https:\/\/riad-daralassad-marrakech.com\/essaouira\/#primaryimage\"},\"thumbnailUrl\":\"https:\/\/riad-daralassad-marrakech.com\/wp-content\/uploads\/2025\/07\/3-550x550.png\",\"datePublished\":\"2025-07-28T16:16:21+00:00\",\"dateModified\":\"2025-07-28T19:48:17+00:00\",\"breadcrumb\":{\"@id\":\"https:\/\/riad-daralassad-marrakech.com\/essaouira\/#breadcrumb\"},\"inLanguage\":\"en-GB\",\"potentialAction\":[{\"@type\":\"ReadAction\",\"target\":[\"https:\/\/riad-daralassad-marrakech.com\/essaouira\/\"]}]},{\"@type\":\"ImageObject\",\"inLanguage\":\"en-GB\",\"@id\":\"https:\/\/riad-daralassad-marrakech.com\/essaouira\/#primaryimage\",\"url\":\"https:\/\/riad-daralassad-marrakech.com\/wp-content\/uploads\/2025\/07\/3-550x550.png\",\"contentUrl\":\"https:\/\/riad-daralassad-marrakech.com\/wp-content\/uploads\/2025\/07\/3-550x550.png\"},{\"@type\":\"BreadcrumbList\",\"@id\":\"https:\/\/riad-daralassad-marrakech.com\/essaouira\/#breadcrumb\",\"itemListElement\":[{\"@type\":\"ListItem\",\"position\":1,\"name\":\"Home\",\"item\":\"https:\/\/riad-daralassad-marrakech.com\/\"},{\"@type\":\"ListItem\",\"position\":2,\"name\":\"Essaouira\"}]},{\"@type\":\"WebSite\",\"@id\":\"https:\/\/riad-daralassad-marrakech.com\/#website\",\"url\":\"https:\/\/riad-daralassad-marrakech.com\/\",\"name\":\"Riad Dar Al Assad Marrakech\",\"description\":\"Un lieu d\u2019histoire, de s\u00e9r\u00e9nit\u00e9 et d\u2019hospitalit\u00e9 marocaine.\",\"publisher\":{\"@id\":\"https:\/\/riad-daralassad-marrakech.com\/#organization\"},\"potentialAction\":[{\"@type\":\"SearchAction\",\"target\":{\"@type\":\"EntryPoint\",\"urlTemplate\":\"https:\/\/riad-daralassad-marrakech.com\/?s={search_term_string}\"},\"query-input\":{\"@type\":\"PropertyValueSpecification\",\"valueRequired\":true,\"valueName\":\"search_term_string\"}}],\"inLanguage\":\"en-GB\"},{\"@type\":\"Organization\",\"@id\":\"https:\/\/riad-daralassad-marrakech.com\/#organization\",\"name\":\"Riad Dar Al Assad Marrakech\",\"url\":\"https:\/\/riad-daralassad-marrakech.com\/\",\"logo\":{\"@type\":\"ImageObject\",\"inLanguage\":\"en-GB\",\"@id\":\"https:\/\/riad-daralassad-marrakech.com\/#\/schema\/logo\/image\/\",\"url\":\"https:\/\/riad-daralassad-marrakech.com\/wp-content\/uploads\/2025\/08\/Maison-Table-dhotes_Plan-de-travail-1-copie-13.svg\",\"contentUrl\":\"https:\/\/riad-daralassad-marrakech.com\/wp-content\/uploads\/2025\/08\/Maison-Table-dhotes_Plan-de-travail-1-copie-13.svg\",\"width\":841,\"height\":595,\"caption\":\"Riad Dar Al Assad Marrakech\"},\"image\":{\"@id\":\"https:\/\/riad-daralassad-marrakech.com\/#\/schema\/logo\/image\/\"}}]}<\/script>\n<!-- \/ Yoast SEO plugin. -->","yoast_head_json":{"title":"Essaouira - Riad Dar Al Assad Marrakech","robots":{"index":"index","follow":"follow","max-snippet":"max-snippet:-1","max-image-preview":"max-image-preview:large","max-video-preview":"max-video-preview:-1"},"canonical":"https:\/\/riad-daralassad-marrakech.com\/en\/essaouira\/","og_locale":"en_GB","og_type":"article","og_title":"Essaouira - Riad Dar Al Assad Marrakech","og_description":"Essaouira Activit\u00e9s : D\u00e9couvrez l\u2019Argan et son importance dans la fabrication de produits culinaires et cosm\u00e9tiques ainsi que ses bienfaits pour la sant\u00e9.\u00a0 Visitez la m\u00e9dina et d\u00e9couvrez Essaouira par vous-m\u00eame au bien avec un guide locale .\u00a0 Profitez de l\u2019ambiance cr\u00e9e par la musique spirituelle gnawa et de la gentillesse des habitants d\u2019Essaouira.\u00a0 Prenez ...","og_url":"https:\/\/riad-daralassad-marrakech.com\/en\/essaouira\/","og_site_name":"Riad Dar Al Assad Marrakech","article_modified_time":"2025-07-28T19:48:17+00:00","og_image":[{"width":1024,"height":1024,"url":"https:\/\/riad-daralassad-marrakech.com\/wp-content\/uploads\/2025\/07\/3-1024x1024.png","type":"image\/png"}],"twitter_card":"summary_large_image","twitter_misc":{"Estimated reading time":"2 minutes"},"schema":{"@context":"https:\/\/schema.org","@graph":[{"@type":"WebPage","@id":"https:\/\/riad-daralassad-marrakech.com\/essaouira\/","url":"https:\/\/riad-daralassad-marrakech.com\/essaouira\/","name":"Essaouira - Riad Dar Al Assad Marrakech","isPartOf":{"@id":"https:\/\/riad-daralassad-marrakech.com\/#website"},"primaryImageOfPage":{"@id":"https:\/\/riad-daralassad-marrakech.com\/essaouira\/#primaryimage"},"image":{"@id":"https:\/\/riad-daralassad-marrakech.com\/essaouira\/#primaryimage"},"thumbnailUrl":"https:\/\/riad-daralassad-marrakech.com\/wp-content\/uploads\/2025\/07\/3-550x550.png","datePublished":"2025-07-28T16:16:21+00:00","dateModified":"2025-07-28T19:48:17+00:00","breadcrumb":{"@id":"https:\/\/riad-daralassad-marrakech.com\/essaouira\/#breadcrumb"},"inLanguage":"en-GB","potentialAction":[{"@type":"ReadAction","target":["https:\/\/riad-daralassad-marrakech.com\/essaouira\/"]}]},{"@type":"ImageObject","inLanguage":"en-GB","@id":"https:\/\/riad-daralassad-marrakech.com\/essaouira\/#primaryimage","url":"https:\/\/riad-daralassad-marrakech.com\/wp-content\/uploads\/2025\/07\/3-550x550.png","contentUrl":"https:\/\/riad-daralassad-marrakech.com\/wp-content\/uploads\/2025\/07\/3-550x550.png"},{"@type":"BreadcrumbList","@id":"https:\/\/riad-daralassad-marrakech.com\/essaouira\/#breadcrumb","itemListElement":[{"@type":"ListItem","position":1,"name":"Home","item":"https:\/\/riad-daralassad-marrakech.com\/"},{"@type":"ListItem","position":2,"name":"Essaouira"}]},{"@type":"WebSite","@id":"https:\/\/riad-daralassad-marrakech.com\/#website","url":"https:\/\/riad-daralassad-marrakech.com\/","name":"Riad Dar Al Assad Marrakech","description":"A place of history, serenity and Moroccan hospitality.","publisher":{"@id":"https:\/\/riad-daralassad-marrakech.com\/#organization"},"potentialAction":[{"@type":"SearchAction","target":{"@type":"EntryPoint","urlTemplate":"https:\/\/riad-daralassad-marrakech.com\/?s={search_term_string}"},"query-input":{"@type":"PropertyValueSpecification","valueRequired":true,"valueName":"search_term_string"}}],"inLanguage":"en-GB"},{"@type":"Organization","@id":"https:\/\/riad-daralassad-marrakech.com\/#organization","name":"Riad Dar Al Assad Marrakech","url":"https:\/\/riad-daralassad-marrakech.com\/","logo":{"@type":"ImageObject","inLanguage":"en-GB","@id":"https:\/\/riad-daralassad-marrakech.com\/#\/schema\/logo\/image\/","url":"https:\/\/riad-daralassad-marrakech.com\/wp-content\/uploads\/2025\/08\/Maison-Table-dhotes_Plan-de-travail-1-copie-13.svg","contentUrl":"https:\/\/riad-daralassad-marrakech.com\/wp-content\/uploads\/2025\/08\/Maison-Table-dhotes_Plan-de-travail-1-copie-13.svg","width":841,"height":595,"caption":"Riad Dar Al Assad Marrakech"},"image":{"@id":"https:\/\/riad-daralassad-marrakech.com\/#\/schema\/logo\/image\/"}}]}},"_links":{"self":[{"href":"https:\/\/riad-daralassad-marrakech.com\/en\/wp-json\/wp\/v2\/pages\/2216","targetHints":{"allow":["GET"]}}],"collection":[{"href":"https:\/\/riad-daralassad-marrakech.com\/en\/wp-json\/wp\/v2\/pages"}],"about":[{"href":"https:\/\/riad-daralassad-marrakech.com\/en\/wp-json\/wp\/v2\/types\/page"}],"author":[{"embeddable":true,"href":"https:\/\/riad-daralassad-marrakech.com\/en\/wp-json\/wp\/v2\/users\/1"}],"replies":[{"embeddable":true,"href":"https:\/\/riad-daralassad-marrakech.com\/en\/wp-json\/wp\/v2\/comments?post=2216"}],"version-history":[{"count":10,"href":"https:\/\/riad-daralassad-marrakech.com\/en\/wp-json\/wp\/v2\/pages\/2216\/revisions"}],"predecessor-version":[{"id":2514,"href":"https:\/\/riad-daralassad-marrakech.com\/en\/wp-json\/wp\/v2\/pages\/2216\/revisions\/2514"}],"wp:attachment":[{"href":"https:\/\/riad-daralassad-marrakech.com\/en\/wp-json\/wp\/v2\/media?parent=2216"}],"curies":[{"name":"wp","href":"https:\/\/api.w.org\/{rel}","templated":true}]}}