{"id":2214,"date":"2025-07-28T16:16:05","date_gmt":"2025-07-28T16:16:05","guid":{"rendered":"https:\/\/riad-daralassad-marrakech.com\/?page_id=2214"},"modified":"2025-07-28T19:48:03","modified_gmt":"2025-07-28T19:48:03","slug":"ait-ben-haddou","status":"publish","type":"page","link":"https:\/\/riad-daralassad-marrakech.com\/en\/ait-ben-haddou\/","title":{"rendered":"Ait Ben Haddou"},"content":{"rendered":"<div data-elementor-type=\"wp-page\" data-elementor-id=\"2214\" class=\"elementor elementor-2214\">\n\t\t\t\t\t\t<section class=\"elementor-section elementor-top-section elementor-element elementor-element-c90a5bd elementor-section-height-min-height cs-section-content-fullwidth cs-parallax-on-scroll cs_scroll_y_120 elementor-section-boxed elementor-section-height-default elementor-section-items-middle\" data-id=\"c90a5bd\" data-element_type=\"section\" data-settings=\"{&quot;background_background&quot;:&quot;classic&quot;}\" data-cs-parallax-y=\"120\" style=\"background-image: none;\" data-cs-background-image=\"https:\/\/riad-daralassad-marrakech.com\/wp-content\/uploads\/2025\/07\/13.jpg\" data-cs-background-image-alt-text=\"\">\n\t\t\t\t\t\t\t<div class=\"elementor-background-overlay\"><\/div>\n\t\t\t\t\t\t\t<div class=\"elementor-container elementor-column-gap-no\">\n\t\t\t\t\t<div class=\"elementor-column elementor-col-100 elementor-top-column elementor-element elementor-element-7d889b7 dark-color\" data-id=\"7d889b7\" data-element_type=\"column\">\n\t\t\t<div class=\"elementor-widget-wrap elementor-element-populated\">\n\t\t\t\t\t\t<div class=\"elementor-element elementor-element-57ca99f elementor-widget elementor-widget-cs_title\" data-id=\"57ca99f\" data-element_type=\"widget\" data-widget_type=\"cs_title.default\">\n\t\t\t\t<div class=\"elementor-widget-container\">\n\t\t\t\t\t\n        <div class=\"cs-title-wrap text-center\">\t            <h1 class=\"cs-title\">\n\t                Ait Ben Haddou\t            <\/h1>        <\/div>\t\t\t\t<\/div>\n\t\t\t\t<\/div>\n\t\t\t\t\t<\/div>\n\t\t<\/div>\n\t\t\t\t\t<\/div>\n\t\t<\/section>\n\t\t\t\t<section class=\"elementor-section elementor-top-section elementor-element elementor-element-bdd7054 elementor-section-boxed elementor-section-height-default elementor-section-height-default\" data-id=\"bdd7054\" data-element_type=\"section\">\n\t\t\t\t\t\t<div class=\"elementor-container elementor-column-gap-no\">\n\t\t\t\t\t<div class=\"elementor-column elementor-col-100 elementor-top-column elementor-element elementor-element-f24e1a1\" data-id=\"f24e1a1\" data-element_type=\"column\">\n\t\t\t<div class=\"elementor-widget-wrap elementor-element-populated\">\n\t\t\t\t\t\t<div class=\"elementor-element elementor-element-b6a4684 cs-animation-small-offset elementor-invisible elementor-widget elementor-widget-cs_gallery\" data-id=\"b6a4684\" data-element_type=\"widget\" data-settings=\"{&quot;_animation&quot;:&quot;fadeInUp&quot;,&quot;_animation_delay&quot;:200}\" data-widget_type=\"cs_gallery.default\">\n\t\t\t\t<div class=\"elementor-widget-container\">\n\t\t\t\t\t\n            <div class=\"cs-gallery gap-5 gallery-grid grid-col-3\">\n                <div class=\"cs-gallery-wrap\">                    <div class=\"cs-gallery-item\"><img fetchpriority=\"high\" decoding=\"async\" width=\"550\" height=\"550\" src=\"https:\/\/riad-daralassad-marrakech.com\/wp-content\/uploads\/2025\/07\/14-550x550.jpg\" class=\"attachment-cozystay_550x9999 size-cozystay_550x9999 wp-image-2251\" alt=\"\" srcset=\"https:\/\/riad-daralassad-marrakech.com\/wp-content\/uploads\/2025\/07\/14-550x550.jpg 550w, https:\/\/riad-daralassad-marrakech.com\/wp-content\/uploads\/2025\/07\/14-300x300.jpg 300w, https:\/\/riad-daralassad-marrakech.com\/wp-content\/uploads\/2025\/07\/14-150x150.jpg 150w, https:\/\/riad-daralassad-marrakech.com\/wp-content\/uploads\/2025\/07\/14-600x600.jpg 600w, https:\/\/riad-daralassad-marrakech.com\/wp-content\/uploads\/2025\/07\/14-370x370.jpg 370w, https:\/\/riad-daralassad-marrakech.com\/wp-content\/uploads\/2025\/07\/14-255x255.jpg 255w, https:\/\/riad-daralassad-marrakech.com\/wp-content\/uploads\/2025\/07\/14.jpg 720w\" sizes=\"(max-width: 550px) 100vw, 550px\" \/>                    <\/div>                    <div class=\"cs-gallery-item\"><img decoding=\"async\" width=\"550\" height=\"550\" src=\"https:\/\/riad-daralassad-marrakech.com\/wp-content\/uploads\/2025\/07\/aitbenhaddou-550x550.jpg\" class=\"attachment-cozystay_550x9999 size-cozystay_550x9999 wp-image-2252\" alt=\"\" srcset=\"https:\/\/riad-daralassad-marrakech.com\/wp-content\/uploads\/2025\/07\/aitbenhaddou-550x550.jpg 550w, https:\/\/riad-daralassad-marrakech.com\/wp-content\/uploads\/2025\/07\/aitbenhaddou-300x300.jpg 300w, https:\/\/riad-daralassad-marrakech.com\/wp-content\/uploads\/2025\/07\/aitbenhaddou-150x150.jpg 150w, https:\/\/riad-daralassad-marrakech.com\/wp-content\/uploads\/2025\/07\/aitbenhaddou-600x600.jpg 600w, https:\/\/riad-daralassad-marrakech.com\/wp-content\/uploads\/2025\/07\/aitbenhaddou-370x370.jpg 370w, https:\/\/riad-daralassad-marrakech.com\/wp-content\/uploads\/2025\/07\/aitbenhaddou-255x255.jpg 255w, https:\/\/riad-daralassad-marrakech.com\/wp-content\/uploads\/2025\/07\/aitbenhaddou.jpg 666w\" sizes=\"(max-width: 550px) 100vw, 550px\" \/>                    <\/div>                    <div class=\"cs-gallery-item\"><img decoding=\"async\" width=\"544\" height=\"544\" src=\"https:\/\/riad-daralassad-marrakech.com\/wp-content\/uploads\/2025\/07\/13.jpg\" class=\"attachment-cozystay_550x9999 size-cozystay_550x9999 wp-image-2250\" alt=\"\" srcset=\"https:\/\/riad-daralassad-marrakech.com\/wp-content\/uploads\/2025\/07\/13.jpg 544w, https:\/\/riad-daralassad-marrakech.com\/wp-content\/uploads\/2025\/07\/13-300x300.jpg 300w, https:\/\/riad-daralassad-marrakech.com\/wp-content\/uploads\/2025\/07\/13-150x150.jpg 150w, https:\/\/riad-daralassad-marrakech.com\/wp-content\/uploads\/2025\/07\/13-370x370.jpg 370w, https:\/\/riad-daralassad-marrakech.com\/wp-content\/uploads\/2025\/07\/13-255x255.jpg 255w\" sizes=\"(max-width: 544px) 100vw, 544px\" \/>                    <\/div>                <\/div>\n            <\/div>\t\t\t\t<\/div>\n\t\t\t\t<\/div>\n\t\t\t\t\t<\/div>\n\t\t<\/div>\n\t\t\t\t\t<\/div>\n\t\t<\/section>\n\t\t\t\t<section class=\"elementor-section elementor-top-section elementor-element elementor-element-68275b8 elementor-section-boxed elementor-section-height-default elementor-section-height-default\" data-id=\"68275b8\" data-element_type=\"section\">\n\t\t\t\t\t\t<div class=\"elementor-container elementor-column-gap-no\">\n\t\t\t\t\t<div class=\"elementor-column elementor-col-66 elementor-top-column elementor-element elementor-element-a4414f5\" data-id=\"a4414f5\" data-element_type=\"column\">\n\t\t\t<div class=\"elementor-widget-wrap elementor-element-populated\">\n\t\t\t\t\t\t<div class=\"elementor-element elementor-element-154f24d elementor-widget elementor-widget-cs_title\" data-id=\"154f24d\" data-element_type=\"widget\" data-widget_type=\"cs_title.default\">\n\t\t\t\t<div class=\"elementor-widget-container\">\n\t\t\t\t\t\n        <div class=\"cs-title-wrap\">\t            <div class=\"cs-title-text\">\n\t                <p>Discover breathtaking landscapes and picturesque Berber villages. Experience the charm of Kasbah Ait Ben Haddou, a legendary fortified village, and explore Ouarzazate, the Hollywood of Africa (option to visit the Atlas Studio in Ouarzazate). This trip promises a blend of cultural heritage and scenic beauty, all in one day.<\/p><p><strong>Highlights of the excursion:<\/strong><\/p><p>\u2013 Journey through the High Atlas.<\/p><p>\u2013 Admire the snow-capped peaks of the Atlas Mountains and the Tizi N&#039;tichka Pass.<\/p><p>\u2013 Follow the old trade caravan route from Telouet to Ait Ben Haddou.<\/p><p>\u2013 Discover the fortified Berber village of Kasbah Ait Ben Haddou.<\/p><p>\u2013 Discover Ouarzazate and its famous Atlas film studios.<\/p>\t            <\/div>        <\/div>\t\t\t\t<\/div>\n\t\t\t\t<\/div>\n\t\t\t\t\t<\/div>\n\t\t<\/div>\n\t\t\t\t<div class=\"elementor-column elementor-col-33 elementor-top-column elementor-element elementor-element-88eefae\" data-id=\"88eefae\" data-element_type=\"column\" data-settings=\"{&quot;background_background&quot;:&quot;classic&quot;}\">\n\t\t\t<div class=\"elementor-widget-wrap elementor-element-populated\">\n\t\t\t\t\t\t<div class=\"elementor-element elementor-element-8941b37 elementor-widget elementor-widget-cs_title\" data-id=\"8941b37\" data-element_type=\"widget\" data-widget_type=\"cs_title.default\">\n\t\t\t\t<div class=\"elementor-widget-container\">\n\t\t\t\t\t\n        <div class=\"cs-title-wrap\">\t            <h6 class=\"cs-title\">\n\t                Included\t            <\/h6>        <\/div>\t\t\t\t<\/div>\n\t\t\t\t<\/div>\n\t\t\t\t<div class=\"elementor-element elementor-element-1010b33 elementor-widget elementor-widget-cs_list\" data-id=\"1010b33\" data-element_type=\"widget\" data-widget_type=\"cs_list.default\">\n\t\t\t\t<div class=\"elementor-widget-container\">\n\t\t\t\t\t\n            <ul class=\"cs-list cs-list-type-unordered\">                <li>                        <span class=\"list-icon color-primary\">\n                            <svg aria-hidden=\"true\" class=\"e-font-icon-svg e-fas-circle\" viewbox=\"0 0 512 512\" xmlns=\"http:\/\/www.w3.org\/2000\/svg\"><path d=\"M256 8C119 8 8 119 8 256s111 248 248 248 248-111 248-248S393 8 256 8z\"><\/path><\/svg>                        <\/span>                    <span class=\"list-content\">Riad Pick-up and Drop-Off<\/span>                <\/li>                <li>                        <span class=\"list-icon color-primary\">\n                            <svg aria-hidden=\"true\" class=\"e-font-icon-svg e-fas-circle\" viewbox=\"0 0 512 512\" xmlns=\"http:\/\/www.w3.org\/2000\/svg\"><path d=\"M256 8C119 8 8 119 8 256s111 248 248 248 248-111 248-248S393 8 256 8z\"><\/path><\/svg>                        <\/span>                    <span class=\"list-content\">Private \/ comfortable and air-conditioned transport with driver - French or English speaking guide.<\/span>                <\/li>                <li>                        <span class=\"list-icon color-primary\">\n                            <svg aria-hidden=\"true\" class=\"e-font-icon-svg e-fas-circle\" viewbox=\"0 0 512 512\" xmlns=\"http:\/\/www.w3.org\/2000\/svg\"><path d=\"M256 8C119 8 8 119 8 256s111 248 248 248 248-111 248-248S393 8 256 8z\"><\/path><\/svg>                        <\/span>                    <span class=\"list-content\">Local guide in Ait Ben Haddou.<\/span>                <\/li>            <\/ul>\t\t\t\t<\/div>\n\t\t\t\t<\/div>\n\t\t\t\t<div class=\"elementor-element elementor-element-277ab84 elementor-widget elementor-widget-cs_title\" data-id=\"277ab84\" data-element_type=\"widget\" data-widget_type=\"cs_title.default\">\n\t\t\t\t<div class=\"elementor-widget-container\">\n\t\t\t\t\t\n        <div class=\"cs-title-wrap\">\t            <h6 class=\"cs-title\">\n\t                Not Included\t            <\/h6>        <\/div>\t\t\t\t<\/div>\n\t\t\t\t<\/div>\n\t\t\t\t<div class=\"elementor-element elementor-element-e1b5f03 elementor-widget elementor-widget-cs_list\" data-id=\"e1b5f03\" data-element_type=\"widget\" data-widget_type=\"cs_list.default\">\n\t\t\t\t<div class=\"elementor-widget-container\">\n\t\t\t\t\t\n            <ul class=\"cs-list cs-list-type-unordered\">                <li>                        <span class=\"list-icon color-primary\">\n                            <svg aria-hidden=\"true\" class=\"e-font-icon-svg e-fas-circle\" viewbox=\"0 0 512 512\" xmlns=\"http:\/\/www.w3.org\/2000\/svg\"><path d=\"M256 8C119 8 8 119 8 256s111 248 248 248 248-111 248-248S393 8 256 8z\"><\/path><\/svg>                        <\/span>                    <span class=\"list-content\">Lunch<\/span>                <\/li>            <\/ul>\t\t\t\t<\/div>\n\t\t\t\t<\/div>\n\t\t\t\t\t<\/div>\n\t\t<\/div>\n\t\t\t\t\t<\/div>\n\t\t<\/section>\n\t\t\t\t<\/div>","protected":false},"excerpt":{"rendered":"<p>Ait Ben Haddou D\u00e9couvrez des paysages \u00e0 couper le souffle et des villages berb\u00e8res pittoresques. D\u00e9couvrez le charme de la Kasbah Ait Ben Haddou, un village fortifi\u00e9 l\u00e9gendaire, et explorez Ouarzazate, l\u2019Hollywood de l\u2019Afrique (Possibilit\u00e9 de visiter le studio Atlas \u00e0 Ouarzazate) . Ce voyage promet un m\u00e9lange de patrimoine culturel et de beaut\u00e9 sc\u00e9nique, &#8230;<\/p>","protected":false},"author":1,"featured_media":0,"parent":0,"menu_order":0,"comment_status":"closed","ping_status":"closed","template":"template-wide-content.php","meta":{"inline_featured_image":false,"cozystay_single_page_hide_site_header":"","cozystay_single_page_site_header_source":"","cozystay_single_page_custom_site_header":"0","cozystay_single_page_custom_sticky_site_header":"0","cozystay_single_page_hide_page_title":"on","cozystay_single_page_header_section_size":"","cozystay_single_page_header_background_color":"","cozystay_single_page_header_background_position_x":"center","cozystay_single_page_header_background_position_y":"center","cozystay_single_page_header_background_size":"cover","cozystay_single_page_header_background_repeat":"off","cozystay_single_page_header_background_scroll":"on","cozystay_single_page_header_text_color":"","cozystay_single_page_header_show_breadcrumb":"","cozystay_single_page_site_footer_hide_main":"","cozystay_single_custom_site_footer_main_source":"","cozystay_single_custom_site_footer_main":"0","cozystay_single_page_site_footer_hide_above":"","cozystay_single_custom_site_footer_above_source":"","cozystay_single_custom_site_footer_above":"0","cozystay_single_page_site_footer_hide_instagram":"","cozystay_single_page_site_footer_hide_bottom":"","cozystay_single_custom_mobile_menu_source":"","cozystay_single_custom_mobile_menu":"0","cozystay_single_custom_mobile_menu_animation":"","cozystay_single_custom_mobile_menu_width":"","cozystay_single_custom_mobile_menu_custom_width":375,"footnotes":""},"class_list":["post-2214","page","type-page","status-publish","hentry"],"yoast_head":"<!-- This site is optimized with the Yoast SEO plugin v25.8 - https:\/\/yoast.com\/wordpress\/plugins\/seo\/ -->\n<title>Ait Ben Haddou - Riad Dar Al Assad Marrakech<\/title>\n<meta name=\"robots\" content=\"index, follow, max-snippet:-1, max-image-preview:large, max-video-preview:-1\" \/>\n<link rel=\"canonical\" href=\"https:\/\/riad-daralassad-marrakech.com\/en\/ait-ben-haddou\/\" \/>\n<meta property=\"og:locale\" content=\"en_GB\" \/>\n<meta property=\"og:type\" content=\"article\" \/>\n<meta property=\"og:title\" content=\"Ait Ben Haddou - Riad Dar Al Assad Marrakech\" \/>\n<meta property=\"og:description\" content=\"Ait Ben Haddou D\u00e9couvrez des paysages \u00e0 couper le souffle et des villages berb\u00e8res pittoresques. D\u00e9couvrez le charme de la Kasbah Ait Ben Haddou, un village fortifi\u00e9 l\u00e9gendaire, et explorez Ouarzazate, l\u2019Hollywood de l\u2019Afrique (Possibilit\u00e9 de visiter le studio Atlas \u00e0 Ouarzazate) . Ce voyage promet un m\u00e9lange de patrimoine culturel et de beaut\u00e9 sc\u00e9nique, ...\" \/>\n<meta property=\"og:url\" content=\"https:\/\/riad-daralassad-marrakech.com\/en\/ait-ben-haddou\/\" \/>\n<meta property=\"og:site_name\" content=\"Riad Dar Al Assad Marrakech\" \/>\n<meta property=\"article:modified_time\" content=\"2025-07-28T19:48:03+00:00\" \/>\n<meta property=\"og:image\" content=\"https:\/\/riad-daralassad-marrakech.com\/wp-content\/uploads\/2025\/07\/14.jpg\" \/>\n\t<meta property=\"og:image:width\" content=\"720\" \/>\n\t<meta property=\"og:image:height\" content=\"720\" \/>\n\t<meta property=\"og:image:type\" content=\"image\/jpeg\" \/>\n<meta name=\"twitter:card\" content=\"summary_large_image\" \/>\n<meta name=\"twitter:label1\" content=\"Estimated reading time\" \/>\n\t<meta name=\"twitter:data1\" content=\"1 minute\" \/>\n<script type=\"application\/ld+json\" class=\"yoast-schema-graph\">{\"@context\":\"https:\/\/schema.org\",\"@graph\":[{\"@type\":\"WebPage\",\"@id\":\"https:\/\/riad-daralassad-marrakech.com\/ait-ben-haddou\/\",\"url\":\"https:\/\/riad-daralassad-marrakech.com\/ait-ben-haddou\/\",\"name\":\"Ait Ben Haddou - Riad Dar Al Assad Marrakech\",\"isPartOf\":{\"@id\":\"https:\/\/riad-daralassad-marrakech.com\/#website\"},\"primaryImageOfPage\":{\"@id\":\"https:\/\/riad-daralassad-marrakech.com\/ait-ben-haddou\/#primaryimage\"},\"image\":{\"@id\":\"https:\/\/riad-daralassad-marrakech.com\/ait-ben-haddou\/#primaryimage\"},\"thumbnailUrl\":\"https:\/\/riad-daralassad-marrakech.com\/wp-content\/uploads\/2025\/07\/14-550x550.jpg\",\"datePublished\":\"2025-07-28T16:16:05+00:00\",\"dateModified\":\"2025-07-28T19:48:03+00:00\",\"breadcrumb\":{\"@id\":\"https:\/\/riad-daralassad-marrakech.com\/ait-ben-haddou\/#breadcrumb\"},\"inLanguage\":\"en-GB\",\"potentialAction\":[{\"@type\":\"ReadAction\",\"target\":[\"https:\/\/riad-daralassad-marrakech.com\/ait-ben-haddou\/\"]}]},{\"@type\":\"ImageObject\",\"inLanguage\":\"en-GB\",\"@id\":\"https:\/\/riad-daralassad-marrakech.com\/ait-ben-haddou\/#primaryimage\",\"url\":\"https:\/\/riad-daralassad-marrakech.com\/wp-content\/uploads\/2025\/07\/14-550x550.jpg\",\"contentUrl\":\"https:\/\/riad-daralassad-marrakech.com\/wp-content\/uploads\/2025\/07\/14-550x550.jpg\"},{\"@type\":\"BreadcrumbList\",\"@id\":\"https:\/\/riad-daralassad-marrakech.com\/ait-ben-haddou\/#breadcrumb\",\"itemListElement\":[{\"@type\":\"ListItem\",\"position\":1,\"name\":\"Home\",\"item\":\"https:\/\/riad-daralassad-marrakech.com\/\"},{\"@type\":\"ListItem\",\"position\":2,\"name\":\"Ait Ben Haddou\"}]},{\"@type\":\"WebSite\",\"@id\":\"https:\/\/riad-daralassad-marrakech.com\/#website\",\"url\":\"https:\/\/riad-daralassad-marrakech.com\/\",\"name\":\"Riad Dar Al Assad Marrakech\",\"description\":\"Un lieu d\u2019histoire, de s\u00e9r\u00e9nit\u00e9 et d\u2019hospitalit\u00e9 marocaine.\",\"publisher\":{\"@id\":\"https:\/\/riad-daralassad-marrakech.com\/#organization\"},\"potentialAction\":[{\"@type\":\"SearchAction\",\"target\":{\"@type\":\"EntryPoint\",\"urlTemplate\":\"https:\/\/riad-daralassad-marrakech.com\/?s={search_term_string}\"},\"query-input\":{\"@type\":\"PropertyValueSpecification\",\"valueRequired\":true,\"valueName\":\"search_term_string\"}}],\"inLanguage\":\"en-GB\"},{\"@type\":\"Organization\",\"@id\":\"https:\/\/riad-daralassad-marrakech.com\/#organization\",\"name\":\"Riad Dar Al Assad Marrakech\",\"url\":\"https:\/\/riad-daralassad-marrakech.com\/\",\"logo\":{\"@type\":\"ImageObject\",\"inLanguage\":\"en-GB\",\"@id\":\"https:\/\/riad-daralassad-marrakech.com\/#\/schema\/logo\/image\/\",\"url\":\"https:\/\/riad-daralassad-marrakech.com\/wp-content\/uploads\/2025\/08\/Maison-Table-dhotes_Plan-de-travail-1-copie-13.svg\",\"contentUrl\":\"https:\/\/riad-daralassad-marrakech.com\/wp-content\/uploads\/2025\/08\/Maison-Table-dhotes_Plan-de-travail-1-copie-13.svg\",\"width\":841,\"height\":595,\"caption\":\"Riad Dar Al Assad Marrakech\"},\"image\":{\"@id\":\"https:\/\/riad-daralassad-marrakech.com\/#\/schema\/logo\/image\/\"}}]}<\/script>\n<!-- \/ Yoast SEO plugin. -->","yoast_head_json":{"title":"Ait Ben Haddou - Riad Dar Al Assad Marrakech","robots":{"index":"index","follow":"follow","max-snippet":"max-snippet:-1","max-image-preview":"max-image-preview:large","max-video-preview":"max-video-preview:-1"},"canonical":"https:\/\/riad-daralassad-marrakech.com\/en\/ait-ben-haddou\/","og_locale":"en_GB","og_type":"article","og_title":"Ait Ben Haddou - Riad Dar Al Assad Marrakech","og_description":"Ait Ben Haddou D\u00e9couvrez des paysages \u00e0 couper le souffle et des villages berb\u00e8res pittoresques. D\u00e9couvrez le charme de la Kasbah Ait Ben Haddou, un village fortifi\u00e9 l\u00e9gendaire, et explorez Ouarzazate, l\u2019Hollywood de l\u2019Afrique (Possibilit\u00e9 de visiter le studio Atlas \u00e0 Ouarzazate) . Ce voyage promet un m\u00e9lange de patrimoine culturel et de beaut\u00e9 sc\u00e9nique, ...","og_url":"https:\/\/riad-daralassad-marrakech.com\/en\/ait-ben-haddou\/","og_site_name":"Riad Dar Al Assad Marrakech","article_modified_time":"2025-07-28T19:48:03+00:00","og_image":[{"width":720,"height":720,"url":"https:\/\/riad-daralassad-marrakech.com\/wp-content\/uploads\/2025\/07\/14.jpg","type":"image\/jpeg"}],"twitter_card":"summary_large_image","twitter_misc":{"Estimated reading time":"1 minute"},"schema":{"@context":"https:\/\/schema.org","@graph":[{"@type":"WebPage","@id":"https:\/\/riad-daralassad-marrakech.com\/ait-ben-haddou\/","url":"https:\/\/riad-daralassad-marrakech.com\/ait-ben-haddou\/","name":"Ait Ben Haddou - Riad Dar Al Assad Marrakech","isPartOf":{"@id":"https:\/\/riad-daralassad-marrakech.com\/#website"},"primaryImageOfPage":{"@id":"https:\/\/riad-daralassad-marrakech.com\/ait-ben-haddou\/#primaryimage"},"image":{"@id":"https:\/\/riad-daralassad-marrakech.com\/ait-ben-haddou\/#primaryimage"},"thumbnailUrl":"https:\/\/riad-daralassad-marrakech.com\/wp-content\/uploads\/2025\/07\/14-550x550.jpg","datePublished":"2025-07-28T16:16:05+00:00","dateModified":"2025-07-28T19:48:03+00:00","breadcrumb":{"@id":"https:\/\/riad-daralassad-marrakech.com\/ait-ben-haddou\/#breadcrumb"},"inLanguage":"en-GB","potentialAction":[{"@type":"ReadAction","target":["https:\/\/riad-daralassad-marrakech.com\/ait-ben-haddou\/"]}]},{"@type":"ImageObject","inLanguage":"en-GB","@id":"https:\/\/riad-daralassad-marrakech.com\/ait-ben-haddou\/#primaryimage","url":"https:\/\/riad-daralassad-marrakech.com\/wp-content\/uploads\/2025\/07\/14-550x550.jpg","contentUrl":"https:\/\/riad-daralassad-marrakech.com\/wp-content\/uploads\/2025\/07\/14-550x550.jpg"},{"@type":"BreadcrumbList","@id":"https:\/\/riad-daralassad-marrakech.com\/ait-ben-haddou\/#breadcrumb","itemListElement":[{"@type":"ListItem","position":1,"name":"Home","item":"https:\/\/riad-daralassad-marrakech.com\/"},{"@type":"ListItem","position":2,"name":"Ait Ben Haddou"}]},{"@type":"WebSite","@id":"https:\/\/riad-daralassad-marrakech.com\/#website","url":"https:\/\/riad-daralassad-marrakech.com\/","name":"Riad Dar Al Assad Marrakech","description":"A place of history, serenity and Moroccan hospitality.","publisher":{"@id":"https:\/\/riad-daralassad-marrakech.com\/#organization"},"potentialAction":[{"@type":"SearchAction","target":{"@type":"EntryPoint","urlTemplate":"https:\/\/riad-daralassad-marrakech.com\/?s={search_term_string}"},"query-input":{"@type":"PropertyValueSpecification","valueRequired":true,"valueName":"search_term_string"}}],"inLanguage":"en-GB"},{"@type":"Organization","@id":"https:\/\/riad-daralassad-marrakech.com\/#organization","name":"Riad Dar Al Assad Marrakech","url":"https:\/\/riad-daralassad-marrakech.com\/","logo":{"@type":"ImageObject","inLanguage":"en-GB","@id":"https:\/\/riad-daralassad-marrakech.com\/#\/schema\/logo\/image\/","url":"https:\/\/riad-daralassad-marrakech.com\/wp-content\/uploads\/2025\/08\/Maison-Table-dhotes_Plan-de-travail-1-copie-13.svg","contentUrl":"https:\/\/riad-daralassad-marrakech.com\/wp-content\/uploads\/2025\/08\/Maison-Table-dhotes_Plan-de-travail-1-copie-13.svg","width":841,"height":595,"caption":"Riad Dar Al Assad Marrakech"},"image":{"@id":"https:\/\/riad-daralassad-marrakech.com\/#\/schema\/logo\/image\/"}}]}},"_links":{"self":[{"href":"https:\/\/riad-daralassad-marrakech.com\/en\/wp-json\/wp\/v2\/pages\/2214","targetHints":{"allow":["GET"]}}],"collection":[{"href":"https:\/\/riad-daralassad-marrakech.com\/en\/wp-json\/wp\/v2\/pages"}],"about":[{"href":"https:\/\/riad-daralassad-marrakech.com\/en\/wp-json\/wp\/v2\/types\/page"}],"author":[{"embeddable":true,"href":"https:\/\/riad-daralassad-marrakech.com\/en\/wp-json\/wp\/v2\/users\/1"}],"replies":[{"embeddable":true,"href":"https:\/\/riad-daralassad-marrakech.com\/en\/wp-json\/wp\/v2\/comments?post=2214"}],"version-history":[{"count":7,"href":"https:\/\/riad-daralassad-marrakech.com\/en\/wp-json\/wp\/v2\/pages\/2214\/revisions"}],"predecessor-version":[{"id":2511,"href":"https:\/\/riad-daralassad-marrakech.com\/en\/wp-json\/wp\/v2\/pages\/2214\/revisions\/2511"}],"wp:attachment":[{"href":"https:\/\/riad-daralassad-marrakech.com\/en\/wp-json\/wp\/v2\/media?parent=2214"}],"curies":[{"name":"wp","href":"https:\/\/api.w.org\/{rel}","templated":true}]}}